{"id":958,"date":"2019-12-30T21:17:57","date_gmt":"2019-12-30T21:17:57","guid":{"rendered":"http:\/\/screen.com.ve\/clientes\/TioSimonProject\/?post_type=product&#038;p=958"},"modified":"2025-03-25T15:31:28","modified_gmt":"2025-03-25T19:31:28","slug":"mini-empanadas","status":"publish","type":"product","link":"https:\/\/screen.com.ve\/clientes\/tiosol\/product\/mini-empanadas\/","title":{"rendered":"Mini Empanadas venezolanas"},"content":{"rendered":"<p data-sourcepos=\"3:1-3:53\"><strong>Disfruta del sabor venezolano aut\u00e9ntico con las Empanadas T\u00edo Sol.<\/strong> Hechas con <strong>harina de ma\u00edz<\/strong> y rellenas de <strong>queso, pollo o carne molida<\/strong>, nuestras empanadas son perfectas para cualquier ocasi\u00f3n.<\/p>\n<p data-sourcepos=\"5:1-5:29\"><strong>Pr\u00e1cticas y precocinadas:<\/strong><\/p>\n<ul data-sourcepos=\"7:1-8:4\">\n<li data-sourcepos=\"7:1-7:45\">Listas del congelador al horno o Air Fryer.<\/li>\n<li data-sourcepos=\"8:1-8:4\">En pocos minutos,\u00a0disfruta de una deliciosa comida.<\/li>\n<\/ul>\n<p data-sourcepos=\"10:1-10:22\"><strong>Sabor inigualable:<\/strong><\/p>\n<ul data-sourcepos=\"12:1-12:51\">\n<li data-sourcepos=\"12:1-12:51\">Acomp\u00e1\u00f1alas con nuestras salsas de ajo y cilantro,\u00a0guasacaca o nata criolla.<\/li>\n<li data-sourcepos=\"13:1-14:0\"><strong>Sabor criollo que te encantar\u00e1.<\/strong><\/li>\n<\/ul>\n<p data-sourcepos=\"15:1-15:24\"><strong>Empanadas T\u00edo Sol:<\/strong><\/p>\n<ul data-sourcepos=\"17:1-20:0\">\n<li data-sourcepos=\"17:1-17:42\"><strong>Tradici\u00f3n venezolana en cada bocado.<\/strong><\/li>\n<li data-sourcepos=\"18:1-18:43\"><strong>Ingredientes frescos de alta calidad.<\/strong><\/li>\n<li data-sourcepos=\"19:1-20:0\"><strong>Pr\u00e1cticas, vers\u00e1tiles y precocinadas.<\/strong><\/li>\n<\/ul>\n<p><a href=\"https:\/\/screen.com.ve\/clientes\/tiosol\/cooking-instructions\/empanadas\/\">COOKING INSTRUCTIONS VIDEO<\/a><\/p>\n<p><strong>\u00a1Compra ahora y recibe tu pedido en la comodidad de tu hogar!<\/strong><\/p>\n","protected":false},"excerpt":{"rendered":"<p>Precocidas<\/p>\n","protected":false},"featured_media":1155,"comment_status":"open","ping_status":"closed","template":"","meta":[],"product_brand":[],"product_cat":[40],"product_tag":[53],"class_list":{"0":"post-958","1":"product","2":"type-product","3":"status-publish","4":"has-post-thumbnail","6":"product_cat-empanadas","7":"product_tag-se-envia-con-hielo-seco","9":"first","10":"instock","11":"shipping-taxable","12":"purchasable","13":"product-type-variable"},"yoast_head":"<!-- This site is optimized with the Yoast SEO plugin v22.1 - https:\/\/yoast.com\/wordpress\/plugins\/seo\/ -->\n<title>Mini Empanadas | Mini Empanadas Venezolanas online store | T\u00edo Sol<\/title>\n<meta name=\"description\" content=\"Compra f\u00e1cil unas deliciosas mini empanadas de pollo, carne o queso. Muy f\u00e1cil de hacer y de la mejor calidad. Haz tu pedido ya mismo.\" \/>\n<meta name=\"robots\" content=\"index, follow, max-snippet:-1, max-image-preview:large, max-video-preview:-1\" \/>\n<link rel=\"canonical\" href=\"https:\/\/screen.com.ve\/clientes\/tiosol\/product\/mini-empanadas\/\" \/>\n<meta property=\"og:locale\" content=\"es_ES\" \/>\n<meta property=\"og:type\" content=\"article\" \/>\n<meta property=\"og:title\" content=\"Mini Empanadas | Mini Empanadas Venezolanas online store | T\u00edo Sol\" \/>\n<meta property=\"og:description\" content=\"Compra f\u00e1cil unas deliciosas mini empanadas de pollo, carne o queso. Muy f\u00e1cil de hacer y de la mejor calidad. Haz tu pedido ya mismo.\" \/>\n<meta property=\"og:url\" content=\"https:\/\/screen.com.ve\/clientes\/tiosol\/product\/mini-empanadas\/\" \/>\n<meta property=\"og:site_name\" content=\"T\u00edo Sol Bites\" \/>\n<meta property=\"article:publisher\" content=\"https:\/\/www.facebook.com\/tiosimonfoods\/\" \/>\n<meta property=\"article:modified_time\" content=\"2025-03-25T19:31:28+00:00\" \/>\n<meta property=\"og:image\" content=\"https:\/\/screen.com.ve\/clientes\/tiosol\/wp-content\/uploads\/2019\/12\/IMG-Empanadas-Mini-min.jpg\" \/>\n\t<meta property=\"og:image:width\" content=\"1000\" \/>\n\t<meta property=\"og:image:height\" content=\"1000\" \/>\n\t<meta property=\"og:image:type\" content=\"image\/jpeg\" \/>\n<meta name=\"twitter:card\" content=\"summary_large_image\" \/>\n<meta name=\"twitter:label1\" content=\"Tiempo de lectura\" \/>\n\t<meta name=\"twitter:data1\" content=\"1 minuto\" \/>\n<script type=\"application\/ld+json\" class=\"yoast-schema-graph\">{\"@context\":\"https:\/\/schema.org\",\"@graph\":[{\"@type\":\"WebPage\",\"@id\":\"https:\/\/screen.com.ve\/clientes\/tiosol\/product\/mini-empanadas\/\",\"url\":\"https:\/\/screen.com.ve\/clientes\/tiosol\/product\/mini-empanadas\/\",\"name\":\"Mini Empanadas | Mini Empanadas Venezolanas online store | T\u00edo Sol\",\"isPartOf\":{\"@id\":\"https:\/\/screen.com.ve\/clientes\/tiosol\/#website\"},\"datePublished\":\"2019-12-30T21:17:57+00:00\",\"dateModified\":\"2025-03-25T19:31:28+00:00\",\"description\":\"Compra f\u00e1cil unas deliciosas mini empanadas de pollo, carne o queso. Muy f\u00e1cil de hacer y de la mejor calidad. Haz tu pedido ya mismo.\",\"breadcrumb\":{\"@id\":\"https:\/\/screen.com.ve\/clientes\/tiosol\/product\/mini-empanadas\/#breadcrumb\"},\"inLanguage\":\"es\",\"potentialAction\":[{\"@type\":\"ReadAction\",\"target\":[\"https:\/\/screen.com.ve\/clientes\/tiosol\/product\/mini-empanadas\/\"]}]},{\"@type\":\"BreadcrumbList\",\"@id\":\"https:\/\/screen.com.ve\/clientes\/tiosol\/product\/mini-empanadas\/#breadcrumb\",\"itemListElement\":[{\"@type\":\"ListItem\",\"position\":1,\"name\":\"Portada\",\"item\":\"https:\/\/screen.com.ve\/clientes\/tiosol\/\"},{\"@type\":\"ListItem\",\"position\":2,\"name\":\"Mini Empanadas venezolanas\"}]},{\"@type\":\"WebSite\",\"@id\":\"https:\/\/screen.com.ve\/clientes\/tiosol\/#website\",\"url\":\"https:\/\/screen.com.ve\/clientes\/tiosol\/\",\"name\":\"T\u00edo Sol Bites\",\"description\":\"\",\"publisher\":{\"@id\":\"https:\/\/screen.com.ve\/clientes\/tiosol\/#organization\"},\"potentialAction\":[{\"@type\":\"SearchAction\",\"target\":{\"@type\":\"EntryPoint\",\"urlTemplate\":\"https:\/\/screen.com.ve\/clientes\/tiosol\/?s={search_term_string}\"},\"query-input\":\"required name=search_term_string\"}],\"inLanguage\":\"es\"},{\"@type\":\"Organization\",\"@id\":\"https:\/\/screen.com.ve\/clientes\/tiosol\/#organization\",\"name\":\"Tio Simon Foods\",\"url\":\"https:\/\/screen.com.ve\/clientes\/tiosol\/\",\"logo\":{\"@type\":\"ImageObject\",\"inLanguage\":\"es\",\"@id\":\"https:\/\/screen.com.ve\/clientes\/tiosol\/#\/schema\/logo\/image\/\",\"url\":\"https:\/\/www.tiosimonfoods.com\/wp-content\/uploads\/2022\/12\/Logo-Tio-Simon.png\",\"contentUrl\":\"https:\/\/www.tiosimonfoods.com\/wp-content\/uploads\/2022\/12\/Logo-Tio-Simon.png\",\"width\":185,\"height\":150,\"caption\":\"Tio Simon Foods\"},\"image\":{\"@id\":\"https:\/\/screen.com.ve\/clientes\/tiosol\/#\/schema\/logo\/image\/\"},\"sameAs\":[\"https:\/\/www.facebook.com\/tiosimonfoods\/\",\"https:\/\/www.instagram.com\/stories\/tiosimonfoods\/\"]}]}<\/script>\n<!-- \/ Yoast SEO plugin. -->","yoast_head_json":{"title":"Mini Empanadas | Mini Empanadas Venezolanas online store | T\u00edo Sol","description":"Compra f\u00e1cil unas deliciosas mini empanadas de pollo, carne o queso. Muy f\u00e1cil de hacer y de la mejor calidad. Haz tu pedido ya mismo.","robots":{"index":"index","follow":"follow","max-snippet":"max-snippet:-1","max-image-preview":"max-image-preview:large","max-video-preview":"max-video-preview:-1"},"canonical":"https:\/\/screen.com.ve\/clientes\/tiosol\/product\/mini-empanadas\/","og_locale":"es_ES","og_type":"article","og_title":"Mini Empanadas | Mini Empanadas Venezolanas online store | T\u00edo Sol","og_description":"Compra f\u00e1cil unas deliciosas mini empanadas de pollo, carne o queso. Muy f\u00e1cil de hacer y de la mejor calidad. Haz tu pedido ya mismo.","og_url":"https:\/\/screen.com.ve\/clientes\/tiosol\/product\/mini-empanadas\/","og_site_name":"T\u00edo Sol Bites","article_publisher":"https:\/\/www.facebook.com\/tiosimonfoods\/","article_modified_time":"2025-03-25T19:31:28+00:00","og_image":[{"width":1000,"height":1000,"url":"https:\/\/screen.com.ve\/clientes\/tiosol\/wp-content\/uploads\/2019\/12\/IMG-Empanadas-Mini-min.jpg","type":"image\/jpeg"}],"twitter_card":"summary_large_image","twitter_misc":{"Tiempo de lectura":"1 minuto"},"schema":{"@context":"https:\/\/schema.org","@graph":[{"@type":"WebPage","@id":"https:\/\/screen.com.ve\/clientes\/tiosol\/product\/mini-empanadas\/","url":"https:\/\/screen.com.ve\/clientes\/tiosol\/product\/mini-empanadas\/","name":"Mini Empanadas | Mini Empanadas Venezolanas online store | T\u00edo Sol","isPartOf":{"@id":"https:\/\/screen.com.ve\/clientes\/tiosol\/#website"},"datePublished":"2019-12-30T21:17:57+00:00","dateModified":"2025-03-25T19:31:28+00:00","description":"Compra f\u00e1cil unas deliciosas mini empanadas de pollo, carne o queso. Muy f\u00e1cil de hacer y de la mejor calidad. Haz tu pedido ya mismo.","breadcrumb":{"@id":"https:\/\/screen.com.ve\/clientes\/tiosol\/product\/mini-empanadas\/#breadcrumb"},"inLanguage":"es","potentialAction":[{"@type":"ReadAction","target":["https:\/\/screen.com.ve\/clientes\/tiosol\/product\/mini-empanadas\/"]}]},{"@type":"BreadcrumbList","@id":"https:\/\/screen.com.ve\/clientes\/tiosol\/product\/mini-empanadas\/#breadcrumb","itemListElement":[{"@type":"ListItem","position":1,"name":"Portada","item":"https:\/\/screen.com.ve\/clientes\/tiosol\/"},{"@type":"ListItem","position":2,"name":"Mini Empanadas venezolanas"}]},{"@type":"WebSite","@id":"https:\/\/screen.com.ve\/clientes\/tiosol\/#website","url":"https:\/\/screen.com.ve\/clientes\/tiosol\/","name":"T\u00edo Sol Bites","description":"","publisher":{"@id":"https:\/\/screen.com.ve\/clientes\/tiosol\/#organization"},"potentialAction":[{"@type":"SearchAction","target":{"@type":"EntryPoint","urlTemplate":"https:\/\/screen.com.ve\/clientes\/tiosol\/?s={search_term_string}"},"query-input":"required name=search_term_string"}],"inLanguage":"es"},{"@type":"Organization","@id":"https:\/\/screen.com.ve\/clientes\/tiosol\/#organization","name":"Tio Simon Foods","url":"https:\/\/screen.com.ve\/clientes\/tiosol\/","logo":{"@type":"ImageObject","inLanguage":"es","@id":"https:\/\/screen.com.ve\/clientes\/tiosol\/#\/schema\/logo\/image\/","url":"https:\/\/www.tiosimonfoods.com\/wp-content\/uploads\/2022\/12\/Logo-Tio-Simon.png","contentUrl":"https:\/\/www.tiosimonfoods.com\/wp-content\/uploads\/2022\/12\/Logo-Tio-Simon.png","width":185,"height":150,"caption":"Tio Simon Foods"},"image":{"@id":"https:\/\/screen.com.ve\/clientes\/tiosol\/#\/schema\/logo\/image\/"},"sameAs":["https:\/\/www.facebook.com\/tiosimonfoods\/","https:\/\/www.instagram.com\/stories\/tiosimonfoods\/"]}]}},"jetpack_sharing_enabled":true,"_links":{"self":[{"href":"https:\/\/screen.com.ve\/clientes\/tiosol\/wp-json\/wp\/v2\/product\/958","targetHints":{"allow":["GET"]}}],"collection":[{"href":"https:\/\/screen.com.ve\/clientes\/tiosol\/wp-json\/wp\/v2\/product"}],"about":[{"href":"https:\/\/screen.com.ve\/clientes\/tiosol\/wp-json\/wp\/v2\/types\/product"}],"replies":[{"embeddable":true,"href":"https:\/\/screen.com.ve\/clientes\/tiosol\/wp-json\/wp\/v2\/comments?post=958"}],"wp:featuredmedia":[{"embeddable":true,"href":"https:\/\/screen.com.ve\/clientes\/tiosol\/wp-json\/wp\/v2\/media\/1155"}],"wp:attachment":[{"href":"https:\/\/screen.com.ve\/clientes\/tiosol\/wp-json\/wp\/v2\/media?parent=958"}],"wp:term":[{"taxonomy":"product_brand","embeddable":true,"href":"https:\/\/screen.com.ve\/clientes\/tiosol\/wp-json\/wp\/v2\/product_brand?post=958"},{"taxonomy":"product_cat","embeddable":true,"href":"https:\/\/screen.com.ve\/clientes\/tiosol\/wp-json\/wp\/v2\/product_cat?post=958"},{"taxonomy":"product_tag","embeddable":true,"href":"https:\/\/screen.com.ve\/clientes\/tiosol\/wp-json\/wp\/v2\/product_tag?post=958"}],"curies":[{"name":"wp","href":"https:\/\/api.w.org\/{rel}","templated":true}]}}