{"id":952,"date":"2019-12-30T17:58:49","date_gmt":"2019-12-30T17:58:49","guid":{"rendered":"http:\/\/screen.com.ve\/clientes\/TioSimonProject\/?post_type=product&#038;p=952"},"modified":"2025-03-25T15:31:28","modified_gmt":"2025-03-25T19:31:28","slug":"guasacaca","status":"publish","type":"product","link":"https:\/\/screen.com.ve\/clientes\/tiosol\/product\/guasacaca\/","title":{"rendered":"Guasacaca"},"content":{"rendered":"<p data-sourcepos=\"3:1-3:51\"><strong>Disfruta del aut\u00e9ntico sabor venezolano con la Guasacaca Original de T\u00edo Sol.<\/strong> Una salsa <strong>cremosa y deliciosa<\/strong>, elaborada con <strong>aguacates frescos<\/strong> que le dar\u00e1 un toque especial a tus comidas.<\/p>\n<p data-sourcepos=\"5:1-5:15\"><strong>Ideal para:<\/strong><\/p>\n<ul data-sourcepos=\"7:1-8:22\">\n<li data-sourcepos=\"7:1-7:56\"><strong>Acompa\u00f1ar carnes, pollos y pescados a la parrilla.<\/strong><\/li>\n<li data-sourcepos=\"8:1-8:22\"><strong>Servir como dip en fiestas y reuniones.<\/strong><\/li>\n<li data-sourcepos=\"9:1-9:41\"><strong>A\u00f1adir a tacos, empanadas, pastelitos y arepas.<\/strong><\/li>\n<li data-sourcepos=\"10:1-10:40\"><strong>Realzar el sabor de ensaladas y s\u00e1ndwiches.<\/strong><\/li>\n<\/ul>\n<p data-sourcepos=\"12:1-12:24\"><strong>Guasacaca T\u00edo Sol:<\/strong><\/p>\n<ul data-sourcepos=\"14:1-18:0\">\n<li data-sourcepos=\"14:1-14:35\"><strong>Sabor tradicional venezolano.<\/strong><\/li>\n<li data-sourcepos=\"15:1-15:30\">Textura<strong> suave y cremosa<\/strong>.<\/li>\n<li data-sourcepos=\"16:1-16:33\">Pr\u00e1ctica y lista para usar.<\/li>\n<li data-sourcepos=\"17:1-18:0\"><strong>Larga duraci\u00f3n: 180 d\u00edas en el refrigerador.<\/strong><\/li>\n<\/ul>\n<p data-sourcepos=\"19:1-19:21\"><strong>Bolsa de soporte:<\/strong><\/p>\n<ul data-sourcepos=\"21:1-24:0\">\n<li data-sourcepos=\"21:1-21:41\">Dise\u00f1o innovador para evitar fugas.<\/li>\n<li data-sourcepos=\"22:1-22:39\">F\u00e1cil de almacenar y transportar.<\/li>\n<li data-sourcepos=\"23:1-24:0\">Ecol\u00f3gica y responsable con el medio ambiente.<\/li>\n<\/ul>\n<p><strong>\u00a1Compra ahora y recibe tu pedido en la comodidad de tu hogar!<\/strong><\/p>\n","protected":false},"excerpt":{"rendered":"<p>16 onzas<\/p>\n","protected":false},"featured_media":5453,"comment_status":"open","ping_status":"closed","template":"","meta":[],"product_brand":[],"product_cat":[38],"product_tag":[53],"class_list":{"0":"post-952","1":"product","2":"type-product","3":"status-publish","4":"has-post-thumbnail","6":"product_cat-sauces","7":"product_tag-se-envia-con-hielo-seco","9":"first","10":"outofstock","11":"shipping-taxable","12":"purchasable","13":"product-type-simple"},"yoast_head":"<!-- This site is optimized with the Yoast SEO plugin v22.1 - https:\/\/yoast.com\/wordpress\/plugins\/seo\/ -->\n<title>Guasacaca | Guasacaca Sauce | Guasaca Venezolana | T\u00edo Sim\u00f3n<\/title>\n<meta name=\"description\" content=\"Compra f\u00e1cil y online una deliciosa y tradicional guasacaca (salsa hecha a basa de aguacates). Se puede combinar con empanadas y muchos platos m\u00e1s.\" \/>\n<meta name=\"robots\" content=\"index, follow, max-snippet:-1, max-image-preview:large, max-video-preview:-1\" \/>\n<link rel=\"canonical\" href=\"https:\/\/screen.com.ve\/clientes\/tiosol\/product\/guasacaca\/\" \/>\n<meta property=\"og:locale\" content=\"es_ES\" \/>\n<meta property=\"og:type\" content=\"article\" \/>\n<meta property=\"og:title\" content=\"Guasacaca | Guasacaca Sauce | Guasaca Venezolana | T\u00edo Sim\u00f3n\" \/>\n<meta property=\"og:description\" content=\"Compra f\u00e1cil y online una deliciosa y tradicional guasacaca (salsa hecha a basa de aguacates). Se puede combinar con empanadas y muchos platos m\u00e1s.\" \/>\n<meta property=\"og:url\" content=\"https:\/\/screen.com.ve\/clientes\/tiosol\/product\/guasacaca\/\" \/>\n<meta property=\"og:site_name\" content=\"T\u00edo Sol Bites\" \/>\n<meta property=\"article:publisher\" content=\"https:\/\/www.facebook.com\/tiosimonfoods\/\" \/>\n<meta property=\"article:modified_time\" content=\"2025-03-25T19:31:28+00:00\" \/>\n<meta property=\"og:image\" content=\"https:\/\/screen.com.ve\/clientes\/tiosol\/wp-content\/uploads\/2019\/12\/IMG-Guasacaca-Front.jpg\" \/>\n\t<meta property=\"og:image:width\" content=\"1080\" \/>\n\t<meta property=\"og:image:height\" content=\"1080\" \/>\n\t<meta property=\"og:image:type\" content=\"image\/jpeg\" \/>\n<meta name=\"twitter:card\" content=\"summary_large_image\" \/>\n<meta name=\"twitter:label1\" content=\"Tiempo de lectura\" \/>\n\t<meta name=\"twitter:data1\" content=\"1 minuto\" \/>\n<script type=\"application\/ld+json\" class=\"yoast-schema-graph\">{\"@context\":\"https:\/\/schema.org\",\"@graph\":[{\"@type\":\"WebPage\",\"@id\":\"https:\/\/screen.com.ve\/clientes\/tiosol\/product\/guasacaca\/\",\"url\":\"https:\/\/screen.com.ve\/clientes\/tiosol\/product\/guasacaca\/\",\"name\":\"Guasacaca | Guasacaca Sauce | Guasaca Venezolana | T\u00edo Sim\u00f3n\",\"isPartOf\":{\"@id\":\"https:\/\/screen.com.ve\/clientes\/tiosol\/#website\"},\"datePublished\":\"2019-12-30T17:58:49+00:00\",\"dateModified\":\"2025-03-25T19:31:28+00:00\",\"description\":\"Compra f\u00e1cil y online una deliciosa y tradicional guasacaca (salsa hecha a basa de aguacates). Se puede combinar con empanadas y muchos platos m\u00e1s.\",\"breadcrumb\":{\"@id\":\"https:\/\/screen.com.ve\/clientes\/tiosol\/product\/guasacaca\/#breadcrumb\"},\"inLanguage\":\"es\",\"potentialAction\":[{\"@type\":\"ReadAction\",\"target\":[\"https:\/\/screen.com.ve\/clientes\/tiosol\/product\/guasacaca\/\"]}]},{\"@type\":\"BreadcrumbList\",\"@id\":\"https:\/\/screen.com.ve\/clientes\/tiosol\/product\/guasacaca\/#breadcrumb\",\"itemListElement\":[{\"@type\":\"ListItem\",\"position\":1,\"name\":\"Portada\",\"item\":\"https:\/\/screen.com.ve\/clientes\/tiosol\/\"},{\"@type\":\"ListItem\",\"position\":2,\"name\":\"Guasacaca\"}]},{\"@type\":\"WebSite\",\"@id\":\"https:\/\/screen.com.ve\/clientes\/tiosol\/#website\",\"url\":\"https:\/\/screen.com.ve\/clientes\/tiosol\/\",\"name\":\"T\u00edo Sol Bites\",\"description\":\"\",\"publisher\":{\"@id\":\"https:\/\/screen.com.ve\/clientes\/tiosol\/#organization\"},\"potentialAction\":[{\"@type\":\"SearchAction\",\"target\":{\"@type\":\"EntryPoint\",\"urlTemplate\":\"https:\/\/screen.com.ve\/clientes\/tiosol\/?s={search_term_string}\"},\"query-input\":\"required name=search_term_string\"}],\"inLanguage\":\"es\"},{\"@type\":\"Organization\",\"@id\":\"https:\/\/screen.com.ve\/clientes\/tiosol\/#organization\",\"name\":\"Tio Simon Foods\",\"url\":\"https:\/\/screen.com.ve\/clientes\/tiosol\/\",\"logo\":{\"@type\":\"ImageObject\",\"inLanguage\":\"es\",\"@id\":\"https:\/\/screen.com.ve\/clientes\/tiosol\/#\/schema\/logo\/image\/\",\"url\":\"https:\/\/www.tiosimonfoods.com\/wp-content\/uploads\/2022\/12\/Logo-Tio-Simon.png\",\"contentUrl\":\"https:\/\/www.tiosimonfoods.com\/wp-content\/uploads\/2022\/12\/Logo-Tio-Simon.png\",\"width\":185,\"height\":150,\"caption\":\"Tio Simon Foods\"},\"image\":{\"@id\":\"https:\/\/screen.com.ve\/clientes\/tiosol\/#\/schema\/logo\/image\/\"},\"sameAs\":[\"https:\/\/www.facebook.com\/tiosimonfoods\/\",\"https:\/\/www.instagram.com\/stories\/tiosimonfoods\/\"]}]}<\/script>\n<!-- \/ Yoast SEO plugin. -->","yoast_head_json":{"title":"Guasacaca | Guasacaca Sauce | Guasaca Venezolana | T\u00edo Sim\u00f3n","description":"Compra f\u00e1cil y online una deliciosa y tradicional guasacaca (salsa hecha a basa de aguacates). Se puede combinar con empanadas y muchos platos m\u00e1s.","robots":{"index":"index","follow":"follow","max-snippet":"max-snippet:-1","max-image-preview":"max-image-preview:large","max-video-preview":"max-video-preview:-1"},"canonical":"https:\/\/screen.com.ve\/clientes\/tiosol\/product\/guasacaca\/","og_locale":"es_ES","og_type":"article","og_title":"Guasacaca | Guasacaca Sauce | Guasaca Venezolana | T\u00edo Sim\u00f3n","og_description":"Compra f\u00e1cil y online una deliciosa y tradicional guasacaca (salsa hecha a basa de aguacates). Se puede combinar con empanadas y muchos platos m\u00e1s.","og_url":"https:\/\/screen.com.ve\/clientes\/tiosol\/product\/guasacaca\/","og_site_name":"T\u00edo Sol Bites","article_publisher":"https:\/\/www.facebook.com\/tiosimonfoods\/","article_modified_time":"2025-03-25T19:31:28+00:00","og_image":[{"width":1080,"height":1080,"url":"https:\/\/screen.com.ve\/clientes\/tiosol\/wp-content\/uploads\/2019\/12\/IMG-Guasacaca-Front.jpg","type":"image\/jpeg"}],"twitter_card":"summary_large_image","twitter_misc":{"Tiempo de lectura":"1 minuto"},"schema":{"@context":"https:\/\/schema.org","@graph":[{"@type":"WebPage","@id":"https:\/\/screen.com.ve\/clientes\/tiosol\/product\/guasacaca\/","url":"https:\/\/screen.com.ve\/clientes\/tiosol\/product\/guasacaca\/","name":"Guasacaca | Guasacaca Sauce | Guasaca Venezolana | T\u00edo Sim\u00f3n","isPartOf":{"@id":"https:\/\/screen.com.ve\/clientes\/tiosol\/#website"},"datePublished":"2019-12-30T17:58:49+00:00","dateModified":"2025-03-25T19:31:28+00:00","description":"Compra f\u00e1cil y online una deliciosa y tradicional guasacaca (salsa hecha a basa de aguacates). Se puede combinar con empanadas y muchos platos m\u00e1s.","breadcrumb":{"@id":"https:\/\/screen.com.ve\/clientes\/tiosol\/product\/guasacaca\/#breadcrumb"},"inLanguage":"es","potentialAction":[{"@type":"ReadAction","target":["https:\/\/screen.com.ve\/clientes\/tiosol\/product\/guasacaca\/"]}]},{"@type":"BreadcrumbList","@id":"https:\/\/screen.com.ve\/clientes\/tiosol\/product\/guasacaca\/#breadcrumb","itemListElement":[{"@type":"ListItem","position":1,"name":"Portada","item":"https:\/\/screen.com.ve\/clientes\/tiosol\/"},{"@type":"ListItem","position":2,"name":"Guasacaca"}]},{"@type":"WebSite","@id":"https:\/\/screen.com.ve\/clientes\/tiosol\/#website","url":"https:\/\/screen.com.ve\/clientes\/tiosol\/","name":"T\u00edo Sol Bites","description":"","publisher":{"@id":"https:\/\/screen.com.ve\/clientes\/tiosol\/#organization"},"potentialAction":[{"@type":"SearchAction","target":{"@type":"EntryPoint","urlTemplate":"https:\/\/screen.com.ve\/clientes\/tiosol\/?s={search_term_string}"},"query-input":"required name=search_term_string"}],"inLanguage":"es"},{"@type":"Organization","@id":"https:\/\/screen.com.ve\/clientes\/tiosol\/#organization","name":"Tio Simon Foods","url":"https:\/\/screen.com.ve\/clientes\/tiosol\/","logo":{"@type":"ImageObject","inLanguage":"es","@id":"https:\/\/screen.com.ve\/clientes\/tiosol\/#\/schema\/logo\/image\/","url":"https:\/\/www.tiosimonfoods.com\/wp-content\/uploads\/2022\/12\/Logo-Tio-Simon.png","contentUrl":"https:\/\/www.tiosimonfoods.com\/wp-content\/uploads\/2022\/12\/Logo-Tio-Simon.png","width":185,"height":150,"caption":"Tio Simon Foods"},"image":{"@id":"https:\/\/screen.com.ve\/clientes\/tiosol\/#\/schema\/logo\/image\/"},"sameAs":["https:\/\/www.facebook.com\/tiosimonfoods\/","https:\/\/www.instagram.com\/stories\/tiosimonfoods\/"]}]}},"jetpack_sharing_enabled":true,"_links":{"self":[{"href":"https:\/\/screen.com.ve\/clientes\/tiosol\/wp-json\/wp\/v2\/product\/952","targetHints":{"allow":["GET"]}}],"collection":[{"href":"https:\/\/screen.com.ve\/clientes\/tiosol\/wp-json\/wp\/v2\/product"}],"about":[{"href":"https:\/\/screen.com.ve\/clientes\/tiosol\/wp-json\/wp\/v2\/types\/product"}],"replies":[{"embeddable":true,"href":"https:\/\/screen.com.ve\/clientes\/tiosol\/wp-json\/wp\/v2\/comments?post=952"}],"wp:featuredmedia":[{"embeddable":true,"href":"https:\/\/screen.com.ve\/clientes\/tiosol\/wp-json\/wp\/v2\/media\/5453"}],"wp:attachment":[{"href":"https:\/\/screen.com.ve\/clientes\/tiosol\/wp-json\/wp\/v2\/media?parent=952"}],"wp:term":[{"taxonomy":"product_brand","embeddable":true,"href":"https:\/\/screen.com.ve\/clientes\/tiosol\/wp-json\/wp\/v2\/product_brand?post=952"},{"taxonomy":"product_cat","embeddable":true,"href":"https:\/\/screen.com.ve\/clientes\/tiosol\/wp-json\/wp\/v2\/product_cat?post=952"},{"taxonomy":"product_tag","embeddable":true,"href":"https:\/\/screen.com.ve\/clientes\/tiosol\/wp-json\/wp\/v2\/product_tag?post=952"}],"curies":[{"name":"wp","href":"https:\/\/api.w.org\/{rel}","templated":true}]}}