{"id":934,"date":"2019-12-30T15:49:11","date_gmt":"2019-12-30T15:49:11","guid":{"rendered":"http:\/\/screen.com.ve\/clientes\/TioSimonProject\/?post_type=product&#038;p=934"},"modified":"2025-03-25T15:31:28","modified_gmt":"2025-03-25T19:31:28","slug":"cachapas","status":"publish","type":"product","link":"https:\/\/screen.com.ve\/clientes\/tiosol\/product\/cachapas\/","title":{"rendered":"Cachapas"},"content":{"rendered":"<p data-sourcepos=\"3:1-3:61\"><strong>Disfruta del sabor aut\u00e9ntico del campo venezolano con las Cachapas T\u00edo Sol.<\/strong> Las deliciosas cachapas venezolanas son com\u00fanmente hechas <strong>ma\u00edz tierno<\/strong> o <strong>harina de ma\u00edz; <\/strong>y nuestras cachapas son perfectas para cualquier ocasi\u00f3n.<\/p>\n<p data-sourcepos=\"5:1-5:22\"><strong>Sabor tradicional:<\/strong><\/p>\n<ul data-sourcepos=\"7:1-7:80\">\n<li data-sourcepos=\"7:1-7:80\"><strong>Acomp\u00e1\u00f1alas con queso de mano, guayan\u00e9s, telita, rallado o nata.<\/strong><\/li>\n<li data-sourcepos=\"8:1-9:0\"><strong>El sabor de la Venezuela rural en cada bocado.<\/strong><\/li>\n<\/ul>\n<p data-sourcepos=\"10:1-10:23\"><strong>Cachapas T\u00edo Sol:<\/strong><\/p>\n<ul data-sourcepos=\"12:1-12:43\">\n<li data-sourcepos=\"12:1-12:43\"><strong>Ingredientes frescos de alta calidad.<\/strong><\/li>\n<li data-sourcepos=\"13:1-13:29\"><strong>Pr\u00e1cticas y vers\u00e1tiles.<\/strong><\/li>\n<li data-sourcepos=\"14:1-15:0\"><strong>Larga duraci\u00f3n congeladas.<\/strong><\/li>\n<\/ul>\n<p data-sourcepos=\"16:1-16:34\"><strong>Preparaci\u00f3n r\u00e1pida y sencilla:<\/strong><\/p>\n<ol data-sourcepos=\"18:1-22:0\">\n<li data-sourcepos=\"18:1-18:48\">Saca del congelador.<\/li>\n<li data-sourcepos=\"19:1-19:37\">Calienta una sart\u00e9n o grilla a 350\u00b0F (177\u00b0C).<\/li>\n<li data-sourcepos=\"20:1-20:59\">Engrasa con mantequilla y cocina 5 minutos por ambos lados hasta que est\u00e9 dorada.<\/li>\n<li data-sourcepos=\"21:1-22:0\">\u00a1Disfruta!<\/li>\n<\/ol>\n<p><a href=\"https:\/\/screen.com.ve\/clientes\/tiosol\/cooking-instructions\/cachapas\/\">COOKING INSTRUCCIONS VIDEO<\/a><\/p>\n<p><strong>\u00a1Compra ahora y recibe tu pedido en la comodidad de tu hogar!<\/strong><\/p>\n","protected":false},"excerpt":{"rendered":"<p>Pre-horneadas<\/p>\n","protected":false},"featured_media":1153,"comment_status":"open","ping_status":"closed","template":"","meta":[],"product_brand":[],"product_cat":[49],"product_tag":[53],"class_list":{"0":"post-934","1":"product","2":"type-product","3":"status-publish","4":"has-post-thumbnail","6":"product_cat-cachapas-corn-pancakes","7":"product_tag-se-envia-con-hielo-seco","9":"first","10":"instock","11":"shipping-taxable","12":"purchasable","13":"product-type-variable"},"yoast_head":"<!-- This site is optimized with the Yoast SEO plugin v22.1 - https:\/\/yoast.com\/wordpress\/plugins\/seo\/ -->\n<title>Cachapa | Cachapa Venezolana online store | Tio Sol Bites<\/title>\n<meta name=\"description\" content=\"Ordena f\u00e1cil y en l\u00ednea tu cachapa favorita. Nuestra deliciosa cachapa venezolana te har\u00e1 agua la boca. Compra en l\u00ednea y hazla sin esfuerzo en tu casa.\" \/>\n<meta name=\"robots\" content=\"index, follow, max-snippet:-1, max-image-preview:large, max-video-preview:-1\" \/>\n<link rel=\"canonical\" href=\"https:\/\/screen.com.ve\/clientes\/tiosol\/product\/cachapas\/\" \/>\n<meta property=\"og:locale\" content=\"es_ES\" \/>\n<meta property=\"og:type\" content=\"article\" \/>\n<meta property=\"og:title\" content=\"Cachapa | Cachapa Venezolana online store | Tio Sol Bites\" \/>\n<meta property=\"og:description\" content=\"Ordena f\u00e1cil y en l\u00ednea tu cachapa favorita. Nuestra deliciosa cachapa venezolana te har\u00e1 agua la boca. Compra en l\u00ednea y hazla sin esfuerzo en tu casa.\" \/>\n<meta property=\"og:url\" content=\"https:\/\/screen.com.ve\/clientes\/tiosol\/product\/cachapas\/\" \/>\n<meta property=\"og:site_name\" content=\"T\u00edo Sol Bites\" \/>\n<meta property=\"article:publisher\" content=\"https:\/\/www.facebook.com\/tiosimonfoods\/\" \/>\n<meta property=\"article:modified_time\" content=\"2025-03-25T19:31:28+00:00\" \/>\n<meta property=\"og:image\" content=\"https:\/\/screen.com.ve\/clientes\/tiosol\/wp-content\/uploads\/2019\/12\/IMG-Cachapas-min-1.jpg\" \/>\n\t<meta property=\"og:image:width\" content=\"1000\" \/>\n\t<meta property=\"og:image:height\" content=\"1000\" \/>\n\t<meta property=\"og:image:type\" content=\"image\/jpeg\" \/>\n<meta name=\"twitter:card\" content=\"summary_large_image\" \/>\n<meta name=\"twitter:label1\" content=\"Tiempo de lectura\" \/>\n\t<meta name=\"twitter:data1\" content=\"1 minuto\" \/>\n<script type=\"application\/ld+json\" class=\"yoast-schema-graph\">{\"@context\":\"https:\/\/schema.org\",\"@graph\":[{\"@type\":\"WebPage\",\"@id\":\"https:\/\/screen.com.ve\/clientes\/tiosol\/product\/cachapas\/\",\"url\":\"https:\/\/screen.com.ve\/clientes\/tiosol\/product\/cachapas\/\",\"name\":\"Cachapa | Cachapa Venezolana online store | Tio Sol Bites\",\"isPartOf\":{\"@id\":\"https:\/\/screen.com.ve\/clientes\/tiosol\/#website\"},\"datePublished\":\"2019-12-30T15:49:11+00:00\",\"dateModified\":\"2025-03-25T19:31:28+00:00\",\"description\":\"Ordena f\u00e1cil y en l\u00ednea tu cachapa favorita. Nuestra deliciosa cachapa venezolana te har\u00e1 agua la boca. Compra en l\u00ednea y hazla sin esfuerzo en tu casa.\",\"breadcrumb\":{\"@id\":\"https:\/\/screen.com.ve\/clientes\/tiosol\/product\/cachapas\/#breadcrumb\"},\"inLanguage\":\"es\",\"potentialAction\":[{\"@type\":\"ReadAction\",\"target\":[\"https:\/\/screen.com.ve\/clientes\/tiosol\/product\/cachapas\/\"]}]},{\"@type\":\"BreadcrumbList\",\"@id\":\"https:\/\/screen.com.ve\/clientes\/tiosol\/product\/cachapas\/#breadcrumb\",\"itemListElement\":[{\"@type\":\"ListItem\",\"position\":1,\"name\":\"Portada\",\"item\":\"https:\/\/screen.com.ve\/clientes\/tiosol\/\"},{\"@type\":\"ListItem\",\"position\":2,\"name\":\"Cachapas\"}]},{\"@type\":\"WebSite\",\"@id\":\"https:\/\/screen.com.ve\/clientes\/tiosol\/#website\",\"url\":\"https:\/\/screen.com.ve\/clientes\/tiosol\/\",\"name\":\"T\u00edo Sol Bites\",\"description\":\"\",\"publisher\":{\"@id\":\"https:\/\/screen.com.ve\/clientes\/tiosol\/#organization\"},\"potentialAction\":[{\"@type\":\"SearchAction\",\"target\":{\"@type\":\"EntryPoint\",\"urlTemplate\":\"https:\/\/screen.com.ve\/clientes\/tiosol\/?s={search_term_string}\"},\"query-input\":\"required name=search_term_string\"}],\"inLanguage\":\"es\"},{\"@type\":\"Organization\",\"@id\":\"https:\/\/screen.com.ve\/clientes\/tiosol\/#organization\",\"name\":\"Tio Simon Foods\",\"url\":\"https:\/\/screen.com.ve\/clientes\/tiosol\/\",\"logo\":{\"@type\":\"ImageObject\",\"inLanguage\":\"es\",\"@id\":\"https:\/\/screen.com.ve\/clientes\/tiosol\/#\/schema\/logo\/image\/\",\"url\":\"https:\/\/www.tiosimonfoods.com\/wp-content\/uploads\/2022\/12\/Logo-Tio-Simon.png\",\"contentUrl\":\"https:\/\/www.tiosimonfoods.com\/wp-content\/uploads\/2022\/12\/Logo-Tio-Simon.png\",\"width\":185,\"height\":150,\"caption\":\"Tio Simon Foods\"},\"image\":{\"@id\":\"https:\/\/screen.com.ve\/clientes\/tiosol\/#\/schema\/logo\/image\/\"},\"sameAs\":[\"https:\/\/www.facebook.com\/tiosimonfoods\/\",\"https:\/\/www.instagram.com\/stories\/tiosimonfoods\/\"]}]}<\/script>\n<!-- \/ Yoast SEO plugin. -->","yoast_head_json":{"title":"Cachapa | Cachapa Venezolana online store | Tio Sol Bites","description":"Ordena f\u00e1cil y en l\u00ednea tu cachapa favorita. Nuestra deliciosa cachapa venezolana te har\u00e1 agua la boca. Compra en l\u00ednea y hazla sin esfuerzo en tu casa.","robots":{"index":"index","follow":"follow","max-snippet":"max-snippet:-1","max-image-preview":"max-image-preview:large","max-video-preview":"max-video-preview:-1"},"canonical":"https:\/\/screen.com.ve\/clientes\/tiosol\/product\/cachapas\/","og_locale":"es_ES","og_type":"article","og_title":"Cachapa | Cachapa Venezolana online store | Tio Sol Bites","og_description":"Ordena f\u00e1cil y en l\u00ednea tu cachapa favorita. Nuestra deliciosa cachapa venezolana te har\u00e1 agua la boca. Compra en l\u00ednea y hazla sin esfuerzo en tu casa.","og_url":"https:\/\/screen.com.ve\/clientes\/tiosol\/product\/cachapas\/","og_site_name":"T\u00edo Sol Bites","article_publisher":"https:\/\/www.facebook.com\/tiosimonfoods\/","article_modified_time":"2025-03-25T19:31:28+00:00","og_image":[{"width":1000,"height":1000,"url":"https:\/\/screen.com.ve\/clientes\/tiosol\/wp-content\/uploads\/2019\/12\/IMG-Cachapas-min-1.jpg","type":"image\/jpeg"}],"twitter_card":"summary_large_image","twitter_misc":{"Tiempo de lectura":"1 minuto"},"schema":{"@context":"https:\/\/schema.org","@graph":[{"@type":"WebPage","@id":"https:\/\/screen.com.ve\/clientes\/tiosol\/product\/cachapas\/","url":"https:\/\/screen.com.ve\/clientes\/tiosol\/product\/cachapas\/","name":"Cachapa | Cachapa Venezolana online store | Tio Sol Bites","isPartOf":{"@id":"https:\/\/screen.com.ve\/clientes\/tiosol\/#website"},"datePublished":"2019-12-30T15:49:11+00:00","dateModified":"2025-03-25T19:31:28+00:00","description":"Ordena f\u00e1cil y en l\u00ednea tu cachapa favorita. Nuestra deliciosa cachapa venezolana te har\u00e1 agua la boca. Compra en l\u00ednea y hazla sin esfuerzo en tu casa.","breadcrumb":{"@id":"https:\/\/screen.com.ve\/clientes\/tiosol\/product\/cachapas\/#breadcrumb"},"inLanguage":"es","potentialAction":[{"@type":"ReadAction","target":["https:\/\/screen.com.ve\/clientes\/tiosol\/product\/cachapas\/"]}]},{"@type":"BreadcrumbList","@id":"https:\/\/screen.com.ve\/clientes\/tiosol\/product\/cachapas\/#breadcrumb","itemListElement":[{"@type":"ListItem","position":1,"name":"Portada","item":"https:\/\/screen.com.ve\/clientes\/tiosol\/"},{"@type":"ListItem","position":2,"name":"Cachapas"}]},{"@type":"WebSite","@id":"https:\/\/screen.com.ve\/clientes\/tiosol\/#website","url":"https:\/\/screen.com.ve\/clientes\/tiosol\/","name":"T\u00edo Sol Bites","description":"","publisher":{"@id":"https:\/\/screen.com.ve\/clientes\/tiosol\/#organization"},"potentialAction":[{"@type":"SearchAction","target":{"@type":"EntryPoint","urlTemplate":"https:\/\/screen.com.ve\/clientes\/tiosol\/?s={search_term_string}"},"query-input":"required name=search_term_string"}],"inLanguage":"es"},{"@type":"Organization","@id":"https:\/\/screen.com.ve\/clientes\/tiosol\/#organization","name":"Tio Simon Foods","url":"https:\/\/screen.com.ve\/clientes\/tiosol\/","logo":{"@type":"ImageObject","inLanguage":"es","@id":"https:\/\/screen.com.ve\/clientes\/tiosol\/#\/schema\/logo\/image\/","url":"https:\/\/www.tiosimonfoods.com\/wp-content\/uploads\/2022\/12\/Logo-Tio-Simon.png","contentUrl":"https:\/\/www.tiosimonfoods.com\/wp-content\/uploads\/2022\/12\/Logo-Tio-Simon.png","width":185,"height":150,"caption":"Tio Simon Foods"},"image":{"@id":"https:\/\/screen.com.ve\/clientes\/tiosol\/#\/schema\/logo\/image\/"},"sameAs":["https:\/\/www.facebook.com\/tiosimonfoods\/","https:\/\/www.instagram.com\/stories\/tiosimonfoods\/"]}]}},"jetpack_sharing_enabled":true,"_links":{"self":[{"href":"https:\/\/screen.com.ve\/clientes\/tiosol\/wp-json\/wp\/v2\/product\/934","targetHints":{"allow":["GET"]}}],"collection":[{"href":"https:\/\/screen.com.ve\/clientes\/tiosol\/wp-json\/wp\/v2\/product"}],"about":[{"href":"https:\/\/screen.com.ve\/clientes\/tiosol\/wp-json\/wp\/v2\/types\/product"}],"replies":[{"embeddable":true,"href":"https:\/\/screen.com.ve\/clientes\/tiosol\/wp-json\/wp\/v2\/comments?post=934"}],"wp:featuredmedia":[{"embeddable":true,"href":"https:\/\/screen.com.ve\/clientes\/tiosol\/wp-json\/wp\/v2\/media\/1153"}],"wp:attachment":[{"href":"https:\/\/screen.com.ve\/clientes\/tiosol\/wp-json\/wp\/v2\/media?parent=934"}],"wp:term":[{"taxonomy":"product_brand","embeddable":true,"href":"https:\/\/screen.com.ve\/clientes\/tiosol\/wp-json\/wp\/v2\/product_brand?post=934"},{"taxonomy":"product_cat","embeddable":true,"href":"https:\/\/screen.com.ve\/clientes\/tiosol\/wp-json\/wp\/v2\/product_cat?post=934"},{"taxonomy":"product_tag","embeddable":true,"href":"https:\/\/screen.com.ve\/clientes\/tiosol\/wp-json\/wp\/v2\/product_tag?post=934"}],"curies":[{"name":"wp","href":"https:\/\/api.w.org\/{rel}","templated":true}]}}