{"id":928,"date":"2019-12-30T15:35:54","date_gmt":"2019-12-30T15:35:54","guid":{"rendered":"http:\/\/screen.com.ve\/clientes\/TioSimonProject\/?post_type=product&#038;p=928"},"modified":"2025-03-25T16:28:07","modified_gmt":"2025-03-25T20:28:07","slug":"cachitos-de-jamon","status":"publish","type":"product","link":"https:\/\/screen.com.ve\/clientes\/tiosol\/product\/cachitos-de-jamon\/","title":{"rendered":"Cachitos de Jam\u00f3n"},"content":{"rendered":"<p data-sourcepos=\"3:1-3:58\"><strong>Disfruta del sabor venezolano aut\u00e9ntico con los Cachitos T\u00edo Sol.<\/strong> Un <strong>aperitivo tradicional<\/strong> hecho con <strong>harina de trigo<\/strong> y relleno de <strong>jam\u00f3n picado.<\/strong><\/p>\n<p data-sourcepos=\"10:1-10:3\"><strong>Sabor inigualable:<\/strong><\/p>\n<ul data-sourcepos=\"12:1-13:50\">\n<li data-sourcepos=\"12:1-12:54\">Perfectos para el desayuno,\u00a0como snack o en fiestas.<\/li>\n<li data-sourcepos=\"13:1-13:50\"><strong>El sabor de la tradici\u00f3n venezolana en cada bocado.<\/strong><\/li>\n<\/ul>\n<p data-sourcepos=\"15:1-15:23\"><strong>Cachitos T\u00edo Sol:<\/strong><\/p>\n<ul data-sourcepos=\"17:1-20:0\">\n<li data-sourcepos=\"17:1-17:43\"><strong>Ingredientes frescos de alta calidad.<\/strong><\/li>\n<li data-sourcepos=\"18:1-18:43\"><strong>Pr\u00e1cticos, vers\u00e1tiles y precocinados.<\/strong><\/li>\n<li data-sourcepos=\"19:1-20:0\"><strong>Larga duraci\u00f3n: 1 a\u00f1o congelados.<\/strong><\/li>\n<\/ul>\n<p>&#8212;&#8211;<\/p>\n<p><strong>DURACI\u00d3N DE 1 A\u00d1O.<\/strong><br \/>\n<strong>PRODUCTO CONGELADO:<\/strong> nuestros mini cachitos se pre-cocinan y luego se<br \/>\ncongelan. Mantener en el congelador para mantener su alta calidad.<br \/>\n<strong>PREPARACI\u00d3N:<\/strong> Precaliente el horno a 325 \u00b0 F y cocine por un m\u00ednimo<br \/>\nde 9 minutos o hasta que llegue a 165 \u00b0 F.<\/p>\n<p><a href=\"https:\/\/screen.com.ve\/clientes\/tiosol\/cooking-instructions\/cachitos\/\">COOKING INSTRUCTIONS VIDEO<\/a><\/p>\n<p><strong>\u00a1Compra ahora y recibe tu pedido en la comodidad de tu hogar!<\/strong><\/p>\n","protected":false},"excerpt":{"rendered":"<p>Precocidos<\/p>\n","protected":false},"featured_media":1152,"comment_status":"open","ping_status":"closed","template":"","meta":[],"product_brand":[],"product_cat":[57,64],"product_tag":[53],"class_list":{"0":"post-928","1":"product","2":"type-product","3":"status-publish","4":"has-post-thumbnail","6":"product_cat-panaderia-bakery","7":"product_cat-cachitos","8":"product_tag-se-envia-con-hielo-seco","10":"first","11":"instock","12":"shipping-taxable","13":"purchasable","14":"product-type-variable"},"yoast_head":"<!-- This site is optimized with the Yoast SEO plugin v22.1 - https:\/\/yoast.com\/wordpress\/plugins\/seo\/ -->\n<title>Cachitos | Cachito de jam\u00f3n | Cachito Venezolano | T\u00edo Sim\u00f3n<\/title>\n<meta name=\"description\" content=\"Compra r\u00e1pido y f\u00e1cil tu cachito favorito para tus desayunos, cenas o eventos. F\u00e1cil de hacer en menos de 10 min. y muy deliciosos.\" \/>\n<meta name=\"robots\" content=\"index, follow, max-snippet:-1, max-image-preview:large, max-video-preview:-1\" \/>\n<link rel=\"canonical\" href=\"https:\/\/screen.com.ve\/clientes\/tiosol\/product\/cachitos-de-jamon\/\" \/>\n<meta property=\"og:locale\" content=\"es_ES\" \/>\n<meta property=\"og:type\" content=\"article\" \/>\n<meta property=\"og:title\" content=\"Cachitos | Cachito de jam\u00f3n | Cachito Venezolano | T\u00edo Sim\u00f3n\" \/>\n<meta property=\"og:description\" content=\"Compra r\u00e1pido y f\u00e1cil tu cachito favorito para tus desayunos, cenas o eventos. F\u00e1cil de hacer en menos de 10 min. y muy deliciosos.\" \/>\n<meta property=\"og:url\" content=\"https:\/\/screen.com.ve\/clientes\/tiosol\/product\/cachitos-de-jamon\/\" \/>\n<meta property=\"og:site_name\" content=\"T\u00edo Sol Bites\" \/>\n<meta property=\"article:publisher\" content=\"https:\/\/www.facebook.com\/tiosimonfoods\/\" \/>\n<meta property=\"article:modified_time\" content=\"2025-03-25T20:28:07+00:00\" \/>\n<meta property=\"og:image\" content=\"https:\/\/screen.com.ve\/clientes\/tiosol\/wp-content\/uploads\/2019\/12\/IMG-Cachitos-min-1.jpg\" \/>\n\t<meta property=\"og:image:width\" content=\"1000\" \/>\n\t<meta property=\"og:image:height\" content=\"1000\" \/>\n\t<meta property=\"og:image:type\" content=\"image\/jpeg\" \/>\n<meta name=\"twitter:card\" content=\"summary_large_image\" \/>\n<meta name=\"twitter:label1\" content=\"Tiempo de lectura\" \/>\n\t<meta name=\"twitter:data1\" content=\"1 minuto\" \/>\n<script type=\"application\/ld+json\" class=\"yoast-schema-graph\">{\"@context\":\"https:\/\/schema.org\",\"@graph\":[{\"@type\":\"WebPage\",\"@id\":\"https:\/\/screen.com.ve\/clientes\/tiosol\/product\/cachitos-de-jamon\/\",\"url\":\"https:\/\/screen.com.ve\/clientes\/tiosol\/product\/cachitos-de-jamon\/\",\"name\":\"Cachitos | Cachito de jam\u00f3n | Cachito Venezolano | T\u00edo Sim\u00f3n\",\"isPartOf\":{\"@id\":\"https:\/\/screen.com.ve\/clientes\/tiosol\/#website\"},\"datePublished\":\"2019-12-30T15:35:54+00:00\",\"dateModified\":\"2025-03-25T20:28:07+00:00\",\"description\":\"Compra r\u00e1pido y f\u00e1cil tu cachito favorito para tus desayunos, cenas o eventos. F\u00e1cil de hacer en menos de 10 min. y muy deliciosos.\",\"breadcrumb\":{\"@id\":\"https:\/\/screen.com.ve\/clientes\/tiosol\/product\/cachitos-de-jamon\/#breadcrumb\"},\"inLanguage\":\"es\",\"potentialAction\":[{\"@type\":\"ReadAction\",\"target\":[\"https:\/\/screen.com.ve\/clientes\/tiosol\/product\/cachitos-de-jamon\/\"]}]},{\"@type\":\"BreadcrumbList\",\"@id\":\"https:\/\/screen.com.ve\/clientes\/tiosol\/product\/cachitos-de-jamon\/#breadcrumb\",\"itemListElement\":[{\"@type\":\"ListItem\",\"position\":1,\"name\":\"Portada\",\"item\":\"https:\/\/screen.com.ve\/clientes\/tiosol\/\"},{\"@type\":\"ListItem\",\"position\":2,\"name\":\"Cachitos de Jam\u00f3n\"}]},{\"@type\":\"WebSite\",\"@id\":\"https:\/\/screen.com.ve\/clientes\/tiosol\/#website\",\"url\":\"https:\/\/screen.com.ve\/clientes\/tiosol\/\",\"name\":\"T\u00edo Sol Bites\",\"description\":\"\",\"publisher\":{\"@id\":\"https:\/\/screen.com.ve\/clientes\/tiosol\/#organization\"},\"potentialAction\":[{\"@type\":\"SearchAction\",\"target\":{\"@type\":\"EntryPoint\",\"urlTemplate\":\"https:\/\/screen.com.ve\/clientes\/tiosol\/?s={search_term_string}\"},\"query-input\":\"required name=search_term_string\"}],\"inLanguage\":\"es\"},{\"@type\":\"Organization\",\"@id\":\"https:\/\/screen.com.ve\/clientes\/tiosol\/#organization\",\"name\":\"Tio Simon Foods\",\"url\":\"https:\/\/screen.com.ve\/clientes\/tiosol\/\",\"logo\":{\"@type\":\"ImageObject\",\"inLanguage\":\"es\",\"@id\":\"https:\/\/screen.com.ve\/clientes\/tiosol\/#\/schema\/logo\/image\/\",\"url\":\"https:\/\/www.tiosimonfoods.com\/wp-content\/uploads\/2022\/12\/Logo-Tio-Simon.png\",\"contentUrl\":\"https:\/\/www.tiosimonfoods.com\/wp-content\/uploads\/2022\/12\/Logo-Tio-Simon.png\",\"width\":185,\"height\":150,\"caption\":\"Tio Simon Foods\"},\"image\":{\"@id\":\"https:\/\/screen.com.ve\/clientes\/tiosol\/#\/schema\/logo\/image\/\"},\"sameAs\":[\"https:\/\/www.facebook.com\/tiosimonfoods\/\",\"https:\/\/www.instagram.com\/stories\/tiosimonfoods\/\"]}]}<\/script>\n<!-- \/ Yoast SEO plugin. -->","yoast_head_json":{"title":"Cachitos | Cachito de jam\u00f3n | Cachito Venezolano | T\u00edo Sim\u00f3n","description":"Compra r\u00e1pido y f\u00e1cil tu cachito favorito para tus desayunos, cenas o eventos. F\u00e1cil de hacer en menos de 10 min. y muy deliciosos.","robots":{"index":"index","follow":"follow","max-snippet":"max-snippet:-1","max-image-preview":"max-image-preview:large","max-video-preview":"max-video-preview:-1"},"canonical":"https:\/\/screen.com.ve\/clientes\/tiosol\/product\/cachitos-de-jamon\/","og_locale":"es_ES","og_type":"article","og_title":"Cachitos | Cachito de jam\u00f3n | Cachito Venezolano | T\u00edo Sim\u00f3n","og_description":"Compra r\u00e1pido y f\u00e1cil tu cachito favorito para tus desayunos, cenas o eventos. F\u00e1cil de hacer en menos de 10 min. y muy deliciosos.","og_url":"https:\/\/screen.com.ve\/clientes\/tiosol\/product\/cachitos-de-jamon\/","og_site_name":"T\u00edo Sol Bites","article_publisher":"https:\/\/www.facebook.com\/tiosimonfoods\/","article_modified_time":"2025-03-25T20:28:07+00:00","og_image":[{"width":1000,"height":1000,"url":"https:\/\/screen.com.ve\/clientes\/tiosol\/wp-content\/uploads\/2019\/12\/IMG-Cachitos-min-1.jpg","type":"image\/jpeg"}],"twitter_card":"summary_large_image","twitter_misc":{"Tiempo de lectura":"1 minuto"},"schema":{"@context":"https:\/\/schema.org","@graph":[{"@type":"WebPage","@id":"https:\/\/screen.com.ve\/clientes\/tiosol\/product\/cachitos-de-jamon\/","url":"https:\/\/screen.com.ve\/clientes\/tiosol\/product\/cachitos-de-jamon\/","name":"Cachitos | Cachito de jam\u00f3n | Cachito Venezolano | T\u00edo Sim\u00f3n","isPartOf":{"@id":"https:\/\/screen.com.ve\/clientes\/tiosol\/#website"},"datePublished":"2019-12-30T15:35:54+00:00","dateModified":"2025-03-25T20:28:07+00:00","description":"Compra r\u00e1pido y f\u00e1cil tu cachito favorito para tus desayunos, cenas o eventos. F\u00e1cil de hacer en menos de 10 min. y muy deliciosos.","breadcrumb":{"@id":"https:\/\/screen.com.ve\/clientes\/tiosol\/product\/cachitos-de-jamon\/#breadcrumb"},"inLanguage":"es","potentialAction":[{"@type":"ReadAction","target":["https:\/\/screen.com.ve\/clientes\/tiosol\/product\/cachitos-de-jamon\/"]}]},{"@type":"BreadcrumbList","@id":"https:\/\/screen.com.ve\/clientes\/tiosol\/product\/cachitos-de-jamon\/#breadcrumb","itemListElement":[{"@type":"ListItem","position":1,"name":"Portada","item":"https:\/\/screen.com.ve\/clientes\/tiosol\/"},{"@type":"ListItem","position":2,"name":"Cachitos de Jam\u00f3n"}]},{"@type":"WebSite","@id":"https:\/\/screen.com.ve\/clientes\/tiosol\/#website","url":"https:\/\/screen.com.ve\/clientes\/tiosol\/","name":"T\u00edo Sol Bites","description":"","publisher":{"@id":"https:\/\/screen.com.ve\/clientes\/tiosol\/#organization"},"potentialAction":[{"@type":"SearchAction","target":{"@type":"EntryPoint","urlTemplate":"https:\/\/screen.com.ve\/clientes\/tiosol\/?s={search_term_string}"},"query-input":"required name=search_term_string"}],"inLanguage":"es"},{"@type":"Organization","@id":"https:\/\/screen.com.ve\/clientes\/tiosol\/#organization","name":"Tio Simon Foods","url":"https:\/\/screen.com.ve\/clientes\/tiosol\/","logo":{"@type":"ImageObject","inLanguage":"es","@id":"https:\/\/screen.com.ve\/clientes\/tiosol\/#\/schema\/logo\/image\/","url":"https:\/\/www.tiosimonfoods.com\/wp-content\/uploads\/2022\/12\/Logo-Tio-Simon.png","contentUrl":"https:\/\/www.tiosimonfoods.com\/wp-content\/uploads\/2022\/12\/Logo-Tio-Simon.png","width":185,"height":150,"caption":"Tio Simon Foods"},"image":{"@id":"https:\/\/screen.com.ve\/clientes\/tiosol\/#\/schema\/logo\/image\/"},"sameAs":["https:\/\/www.facebook.com\/tiosimonfoods\/","https:\/\/www.instagram.com\/stories\/tiosimonfoods\/"]}]}},"jetpack_sharing_enabled":true,"_links":{"self":[{"href":"https:\/\/screen.com.ve\/clientes\/tiosol\/wp-json\/wp\/v2\/product\/928","targetHints":{"allow":["GET"]}}],"collection":[{"href":"https:\/\/screen.com.ve\/clientes\/tiosol\/wp-json\/wp\/v2\/product"}],"about":[{"href":"https:\/\/screen.com.ve\/clientes\/tiosol\/wp-json\/wp\/v2\/types\/product"}],"replies":[{"embeddable":true,"href":"https:\/\/screen.com.ve\/clientes\/tiosol\/wp-json\/wp\/v2\/comments?post=928"}],"wp:featuredmedia":[{"embeddable":true,"href":"https:\/\/screen.com.ve\/clientes\/tiosol\/wp-json\/wp\/v2\/media\/1152"}],"wp:attachment":[{"href":"https:\/\/screen.com.ve\/clientes\/tiosol\/wp-json\/wp\/v2\/media?parent=928"}],"wp:term":[{"taxonomy":"product_brand","embeddable":true,"href":"https:\/\/screen.com.ve\/clientes\/tiosol\/wp-json\/wp\/v2\/product_brand?post=928"},{"taxonomy":"product_cat","embeddable":true,"href":"https:\/\/screen.com.ve\/clientes\/tiosol\/wp-json\/wp\/v2\/product_cat?post=928"},{"taxonomy":"product_tag","embeddable":true,"href":"https:\/\/screen.com.ve\/clientes\/tiosol\/wp-json\/wp\/v2\/product_tag?post=928"}],"curies":[{"name":"wp","href":"https:\/\/api.w.org\/{rel}","templated":true}]}}