{"id":920,"date":"2019-12-30T15:14:32","date_gmt":"2019-12-30T15:14:32","guid":{"rendered":"http:\/\/screen.com.ve\/clientes\/TioSimonProject\/?post_type=product&#038;p=920"},"modified":"2025-03-25T15:31:31","modified_gmt":"2025-03-25T19:31:31","slug":"tequenos","status":"publish","type":"product","link":"https:\/\/screen.com.ve\/clientes\/tiosol\/product\/tequenos\/","title":{"rendered":"Teque\u00f1os de Queso"},"content":{"rendered":"<p data-sourcepos=\"3:1-3:19\"><strong>D\u00e9jate conquistar por el sabor irresistible de los Teque\u00f1os de Queso T\u00edo Sol.<\/strong> Un cl\u00e1sico venezolano que combina una crujiente masa dorada con un cremoso relleno de queso blanco, ideal para compartir en fiestas, reuniones o como un delicioso snack.<\/p>\n<ul data-sourcepos=\"9:1-10:24\">\n<li data-sourcepos=\"9:1-9:33\"><strong>Sabor aut\u00e9ntico venezolano.<\/strong><\/li>\n<li data-sourcepos=\"10:1-10:24\"><strong>Ingredientes frescos y de alta calidad.<\/strong><\/li>\n<li data-sourcepos=\"11:1-11:29\"><strong>Pr\u00e1cticos y vers\u00e1tiles.<\/strong><\/li>\n<\/ul>\n<p>&#8212;&#8211;<\/p>\n<ul data-sourcepos=\"9:1-10:24\">\n<li><strong>DURACI\u00d3N DE 1 A\u00d1O:<\/strong> disfruta de teque\u00f1os frescos durante mucho tiempo<br \/>\ngracias a nuestro embalaje Safe-T-Fresh<\/li>\n<li><strong>PRODUCTO CONGELADO:<\/strong> Nuestros teque\u00f1os vienen precocinados pero<br \/>\ncongelados. Mantener congelado para mantener su alta calidad.<\/li>\n<li><strong>PREPARACI\u00d3N:<\/strong> solo precalienta tu horno a 350 grados Fahrenheit (177\u00ba<br \/>\nCelsius), hornea los teque\u00f1os durante 5 minutos, dales la vuelta y hornea por<br \/>\notros 5 minutos, \u00a1y LISTO!<\/li>\n<\/ul>\n<p><a href=\"https:\/\/screen.com.ve\/clientes\/tiosol\/cooking-instructions\/tequenos\/\">COOKING INSTRUCTIONS VIDEO<\/a><\/p>\n<p><strong>\u00a1Compra ahora y recibe tu pedido en la comodidad de tu hogar!<\/strong><\/p>\n","protected":false},"excerpt":{"rendered":"<p>Precocidos<\/p>\n","protected":false},"featured_media":1201,"comment_status":"open","ping_status":"closed","template":"","meta":[],"product_brand":[],"product_cat":[50,61],"product_tag":[53],"class_list":{"0":"post-920","1":"product","2":"type-product","3":"status-publish","4":"has-post-thumbnail","6":"product_cat-tequenos-cheese-sticks","7":"product_cat-tequenos","8":"product_tag-se-envia-con-hielo-seco","10":"first","11":"instock","12":"shipping-taxable","13":"purchasable","14":"product-type-variable"},"yoast_head":"<!-- This site is optimized with the Yoast SEO plugin v22.1 - https:\/\/yoast.com\/wordpress\/plugins\/seo\/ -->\n<title>Teque\u00f1os | Teque\u00f1os venezolanos online store | Tio Sol Bites<\/title>\n<meta name=\"description\" content=\"Pide ya tus teque\u00f1os favoritos y \u00a1date un gusto! Nuestros teque\u00f1os vienen precocinados pero congelados. Solo tienes que cocinar por 5-10 min y \u00a1a comer!\" \/>\n<meta name=\"robots\" content=\"index, follow, max-snippet:-1, max-image-preview:large, max-video-preview:-1\" \/>\n<link rel=\"canonical\" href=\"https:\/\/screen.com.ve\/clientes\/tiosol\/product\/tequenos\/\" \/>\n<meta property=\"og:locale\" content=\"es_ES\" \/>\n<meta property=\"og:type\" content=\"article\" \/>\n<meta property=\"og:title\" content=\"Teque\u00f1os | Teque\u00f1os venezolanos online store | Tio Sol Bites\" \/>\n<meta property=\"og:description\" content=\"Pide ya tus teque\u00f1os favoritos y \u00a1date un gusto! Nuestros teque\u00f1os vienen precocinados pero congelados. Solo tienes que cocinar por 5-10 min y \u00a1a comer!\" \/>\n<meta property=\"og:url\" content=\"https:\/\/screen.com.ve\/clientes\/tiosol\/product\/tequenos\/\" \/>\n<meta property=\"og:site_name\" content=\"T\u00edo Sol Bites\" \/>\n<meta property=\"article:publisher\" content=\"https:\/\/www.facebook.com\/tiosimonfoods\/\" \/>\n<meta property=\"article:modified_time\" content=\"2025-03-25T19:31:31+00:00\" \/>\n<meta property=\"og:image\" content=\"https:\/\/screen.com.ve\/clientes\/tiosol\/wp-content\/uploads\/2019\/12\/IMG-Tequenos-min-2.jpg\" \/>\n\t<meta property=\"og:image:width\" content=\"1000\" \/>\n\t<meta property=\"og:image:height\" content=\"1000\" \/>\n\t<meta property=\"og:image:type\" content=\"image\/jpeg\" \/>\n<meta name=\"twitter:card\" content=\"summary_large_image\" \/>\n<meta name=\"twitter:label1\" content=\"Tiempo de lectura\" \/>\n\t<meta name=\"twitter:data1\" content=\"1 minuto\" \/>\n<script type=\"application\/ld+json\" class=\"yoast-schema-graph\">{\"@context\":\"https:\/\/schema.org\",\"@graph\":[{\"@type\":\"WebPage\",\"@id\":\"https:\/\/screen.com.ve\/clientes\/tiosol\/product\/tequenos\/\",\"url\":\"https:\/\/screen.com.ve\/clientes\/tiosol\/product\/tequenos\/\",\"name\":\"Teque\u00f1os | Teque\u00f1os venezolanos online store | Tio Sol Bites\",\"isPartOf\":{\"@id\":\"https:\/\/screen.com.ve\/clientes\/tiosol\/#website\"},\"datePublished\":\"2019-12-30T15:14:32+00:00\",\"dateModified\":\"2025-03-25T19:31:31+00:00\",\"description\":\"Pide ya tus teque\u00f1os favoritos y \u00a1date un gusto! Nuestros teque\u00f1os vienen precocinados pero congelados. Solo tienes que cocinar por 5-10 min y \u00a1a comer!\",\"breadcrumb\":{\"@id\":\"https:\/\/screen.com.ve\/clientes\/tiosol\/product\/tequenos\/#breadcrumb\"},\"inLanguage\":\"es\",\"potentialAction\":[{\"@type\":\"ReadAction\",\"target\":[\"https:\/\/screen.com.ve\/clientes\/tiosol\/product\/tequenos\/\"]}]},{\"@type\":\"BreadcrumbList\",\"@id\":\"https:\/\/screen.com.ve\/clientes\/tiosol\/product\/tequenos\/#breadcrumb\",\"itemListElement\":[{\"@type\":\"ListItem\",\"position\":1,\"name\":\"Portada\",\"item\":\"https:\/\/screen.com.ve\/clientes\/tiosol\/\"},{\"@type\":\"ListItem\",\"position\":2,\"name\":\"Teque\u00f1os de Queso\"}]},{\"@type\":\"WebSite\",\"@id\":\"https:\/\/screen.com.ve\/clientes\/tiosol\/#website\",\"url\":\"https:\/\/screen.com.ve\/clientes\/tiosol\/\",\"name\":\"T\u00edo Sol Bites\",\"description\":\"\",\"publisher\":{\"@id\":\"https:\/\/screen.com.ve\/clientes\/tiosol\/#organization\"},\"potentialAction\":[{\"@type\":\"SearchAction\",\"target\":{\"@type\":\"EntryPoint\",\"urlTemplate\":\"https:\/\/screen.com.ve\/clientes\/tiosol\/?s={search_term_string}\"},\"query-input\":\"required name=search_term_string\"}],\"inLanguage\":\"es\"},{\"@type\":\"Organization\",\"@id\":\"https:\/\/screen.com.ve\/clientes\/tiosol\/#organization\",\"name\":\"Tio Simon Foods\",\"url\":\"https:\/\/screen.com.ve\/clientes\/tiosol\/\",\"logo\":{\"@type\":\"ImageObject\",\"inLanguage\":\"es\",\"@id\":\"https:\/\/screen.com.ve\/clientes\/tiosol\/#\/schema\/logo\/image\/\",\"url\":\"https:\/\/www.tiosimonfoods.com\/wp-content\/uploads\/2022\/12\/Logo-Tio-Simon.png\",\"contentUrl\":\"https:\/\/www.tiosimonfoods.com\/wp-content\/uploads\/2022\/12\/Logo-Tio-Simon.png\",\"width\":185,\"height\":150,\"caption\":\"Tio Simon Foods\"},\"image\":{\"@id\":\"https:\/\/screen.com.ve\/clientes\/tiosol\/#\/schema\/logo\/image\/\"},\"sameAs\":[\"https:\/\/www.facebook.com\/tiosimonfoods\/\",\"https:\/\/www.instagram.com\/stories\/tiosimonfoods\/\"]}]}<\/script>\n<!-- \/ Yoast SEO plugin. -->","yoast_head_json":{"title":"Teque\u00f1os | Teque\u00f1os venezolanos online store | Tio Sol Bites","description":"Pide ya tus teque\u00f1os favoritos y \u00a1date un gusto! Nuestros teque\u00f1os vienen precocinados pero congelados. Solo tienes que cocinar por 5-10 min y \u00a1a comer!","robots":{"index":"index","follow":"follow","max-snippet":"max-snippet:-1","max-image-preview":"max-image-preview:large","max-video-preview":"max-video-preview:-1"},"canonical":"https:\/\/screen.com.ve\/clientes\/tiosol\/product\/tequenos\/","og_locale":"es_ES","og_type":"article","og_title":"Teque\u00f1os | Teque\u00f1os venezolanos online store | Tio Sol Bites","og_description":"Pide ya tus teque\u00f1os favoritos y \u00a1date un gusto! Nuestros teque\u00f1os vienen precocinados pero congelados. Solo tienes que cocinar por 5-10 min y \u00a1a comer!","og_url":"https:\/\/screen.com.ve\/clientes\/tiosol\/product\/tequenos\/","og_site_name":"T\u00edo Sol Bites","article_publisher":"https:\/\/www.facebook.com\/tiosimonfoods\/","article_modified_time":"2025-03-25T19:31:31+00:00","og_image":[{"width":1000,"height":1000,"url":"https:\/\/screen.com.ve\/clientes\/tiosol\/wp-content\/uploads\/2019\/12\/IMG-Tequenos-min-2.jpg","type":"image\/jpeg"}],"twitter_card":"summary_large_image","twitter_misc":{"Tiempo de lectura":"1 minuto"},"schema":{"@context":"https:\/\/schema.org","@graph":[{"@type":"WebPage","@id":"https:\/\/screen.com.ve\/clientes\/tiosol\/product\/tequenos\/","url":"https:\/\/screen.com.ve\/clientes\/tiosol\/product\/tequenos\/","name":"Teque\u00f1os | Teque\u00f1os venezolanos online store | Tio Sol Bites","isPartOf":{"@id":"https:\/\/screen.com.ve\/clientes\/tiosol\/#website"},"datePublished":"2019-12-30T15:14:32+00:00","dateModified":"2025-03-25T19:31:31+00:00","description":"Pide ya tus teque\u00f1os favoritos y \u00a1date un gusto! Nuestros teque\u00f1os vienen precocinados pero congelados. Solo tienes que cocinar por 5-10 min y \u00a1a comer!","breadcrumb":{"@id":"https:\/\/screen.com.ve\/clientes\/tiosol\/product\/tequenos\/#breadcrumb"},"inLanguage":"es","potentialAction":[{"@type":"ReadAction","target":["https:\/\/screen.com.ve\/clientes\/tiosol\/product\/tequenos\/"]}]},{"@type":"BreadcrumbList","@id":"https:\/\/screen.com.ve\/clientes\/tiosol\/product\/tequenos\/#breadcrumb","itemListElement":[{"@type":"ListItem","position":1,"name":"Portada","item":"https:\/\/screen.com.ve\/clientes\/tiosol\/"},{"@type":"ListItem","position":2,"name":"Teque\u00f1os de Queso"}]},{"@type":"WebSite","@id":"https:\/\/screen.com.ve\/clientes\/tiosol\/#website","url":"https:\/\/screen.com.ve\/clientes\/tiosol\/","name":"T\u00edo Sol Bites","description":"","publisher":{"@id":"https:\/\/screen.com.ve\/clientes\/tiosol\/#organization"},"potentialAction":[{"@type":"SearchAction","target":{"@type":"EntryPoint","urlTemplate":"https:\/\/screen.com.ve\/clientes\/tiosol\/?s={search_term_string}"},"query-input":"required name=search_term_string"}],"inLanguage":"es"},{"@type":"Organization","@id":"https:\/\/screen.com.ve\/clientes\/tiosol\/#organization","name":"Tio Simon Foods","url":"https:\/\/screen.com.ve\/clientes\/tiosol\/","logo":{"@type":"ImageObject","inLanguage":"es","@id":"https:\/\/screen.com.ve\/clientes\/tiosol\/#\/schema\/logo\/image\/","url":"https:\/\/www.tiosimonfoods.com\/wp-content\/uploads\/2022\/12\/Logo-Tio-Simon.png","contentUrl":"https:\/\/www.tiosimonfoods.com\/wp-content\/uploads\/2022\/12\/Logo-Tio-Simon.png","width":185,"height":150,"caption":"Tio Simon Foods"},"image":{"@id":"https:\/\/screen.com.ve\/clientes\/tiosol\/#\/schema\/logo\/image\/"},"sameAs":["https:\/\/www.facebook.com\/tiosimonfoods\/","https:\/\/www.instagram.com\/stories\/tiosimonfoods\/"]}]}},"jetpack_sharing_enabled":true,"_links":{"self":[{"href":"https:\/\/screen.com.ve\/clientes\/tiosol\/wp-json\/wp\/v2\/product\/920","targetHints":{"allow":["GET"]}}],"collection":[{"href":"https:\/\/screen.com.ve\/clientes\/tiosol\/wp-json\/wp\/v2\/product"}],"about":[{"href":"https:\/\/screen.com.ve\/clientes\/tiosol\/wp-json\/wp\/v2\/types\/product"}],"replies":[{"embeddable":true,"href":"https:\/\/screen.com.ve\/clientes\/tiosol\/wp-json\/wp\/v2\/comments?post=920"}],"wp:featuredmedia":[{"embeddable":true,"href":"https:\/\/screen.com.ve\/clientes\/tiosol\/wp-json\/wp\/v2\/media\/1201"}],"wp:attachment":[{"href":"https:\/\/screen.com.ve\/clientes\/tiosol\/wp-json\/wp\/v2\/media?parent=920"}],"wp:term":[{"taxonomy":"product_brand","embeddable":true,"href":"https:\/\/screen.com.ve\/clientes\/tiosol\/wp-json\/wp\/v2\/product_brand?post=920"},{"taxonomy":"product_cat","embeddable":true,"href":"https:\/\/screen.com.ve\/clientes\/tiosol\/wp-json\/wp\/v2\/product_cat?post=920"},{"taxonomy":"product_tag","embeddable":true,"href":"https:\/\/screen.com.ve\/clientes\/tiosol\/wp-json\/wp\/v2\/product_tag?post=920"}],"curies":[{"name":"wp","href":"https:\/\/api.w.org\/{rel}","templated":true}]}}