{"id":4924,"date":"2024-02-02T07:51:51","date_gmt":"2024-02-02T12:51:51","guid":{"rendered":"https:\/\/www.tiosimonfoods.com\/?post_type=product&#038;p=4924"},"modified":"2025-03-25T15:31:33","modified_gmt":"2025-03-25T19:31:33","slug":"combo-5-sabores-venezolanos-para-festejar","status":"publish","type":"product","link":"https:\/\/screen.com.ve\/clientes\/tiosol\/product\/combo-5-sabores-venezolanos-para-festejar\/","title":{"rendered":"Combo 5"},"content":{"rendered":"<p data-sourcepos=\"3:1-3:69\"><b>\u00a1Aprovecha esta promoci\u00f3n y ll\u00e9vate a casa el mejor sabor Latino!<\/b><\/p>\n<p data-sourcepos=\"5:1-5:128\">Este combo incluye una variedad de productos tradicionales que son perfectos para compartir con amigos y familiares.<\/p>\n<ul>\n<li data-sourcepos=\"7:1-7:193\"><strong>Teque\u00f1os T\u00edo Sol<\/strong> <strong>(100 unidades)<\/strong>: delicioso aperitivo crujiente relleno del mejor queso venezolano. Con su masa fina y crujiente y su relleno cremoso, son perfectos para compartir con tus invitados.<\/li>\n<li data-sourcepos=\"9:1-9:175\"><strong>Mini empanadas de carne (25 unidades)<\/strong>: crujientes empanadas rellenas de carne con la saz\u00f3n de T\u00edo Sol. Son perfectos para compartir con tus invitados.<\/li>\n<li data-sourcepos=\"11:1-11:177\"><strong>Pastelitos de pollo<\/strong> <strong>(25 unidades):<\/strong> exquisitos pastelitos rellenos de pollo desmenuzado con la saz\u00f3n de T\u00edo Sol. Son perfectos para compartir con tus invitados.<\/li>\n<\/ul>\n<p data-sourcepos=\"17:1-17:150\">Con este combo, podr\u00e1s disfrutar de una experiencia gastron\u00f3mica Latina completa en cualquier reuni\u00f3n o fiesta.<\/p>\n<p data-sourcepos=\"22:1-22:65\"><b>\u00a1Haz tu pedido hoy y ll\u00e9vate el mejor sabor de Latino a tu casa!<\/b><\/p>\n","protected":false},"excerpt":{"rendered":"<p>\u00a1Aprovecha esta promoci\u00f3n y ll\u00e9vate a casa el mejor sabor Latino! Este&#8230;<\/p>\n","protected":false},"featured_media":5577,"comment_status":"open","ping_status":"closed","template":"","meta":[],"product_brand":[],"product_cat":[71],"product_tag":[53],"class_list":{"0":"post-4924","1":"product","2":"type-product","3":"status-publish","4":"has-post-thumbnail","6":"product_cat-combos","7":"product_tag-se-envia-con-hielo-seco","9":"first","10":"instock","11":"sale","12":"shipping-taxable","13":"purchasable","14":"product-type-simple"},"yoast_head":"<!-- This site is optimized with the Yoast SEO plugin v22.1 - https:\/\/yoast.com\/wordpress\/plugins\/seo\/ -->\n<title>Combo 5 | T\u00edo Sol Bites<\/title>\n<meta name=\"description\" content=\"Este combo es perfecto para una fiesta o una reuni\u00f3n con amigos y familiares. Incluye una variedad de productos tradicionales venezolanos que son deliciosos y f\u00e1ciles de compartir. Teque\u00f1os T\u00edo Sim\u00f3n (100 unidades), Mini empanadas de carne (25 unidades), Pastelitos de pollo (25 unidades).\" \/>\n<meta name=\"robots\" content=\"index, follow, max-snippet:-1, max-image-preview:large, max-video-preview:-1\" \/>\n<link rel=\"canonical\" href=\"https:\/\/screen.com.ve\/clientes\/tiosol\/product\/combo-5-sabores-venezolanos-para-festejar\/\" \/>\n<meta property=\"og:locale\" content=\"es_ES\" \/>\n<meta property=\"og:type\" content=\"article\" \/>\n<meta property=\"og:title\" content=\"Combo 5 | T\u00edo Sol Bites\" \/>\n<meta property=\"og:description\" content=\"Este combo es perfecto para una fiesta o una reuni\u00f3n con amigos y familiares. Incluye una variedad de productos tradicionales venezolanos que son deliciosos y f\u00e1ciles de compartir. Teque\u00f1os T\u00edo Sim\u00f3n (100 unidades), Mini empanadas de carne (25 unidades), Pastelitos de pollo (25 unidades).\" \/>\n<meta property=\"og:url\" content=\"https:\/\/screen.com.ve\/clientes\/tiosol\/product\/combo-5-sabores-venezolanos-para-festejar\/\" \/>\n<meta property=\"og:site_name\" content=\"T\u00edo Sol Bites\" \/>\n<meta property=\"article:publisher\" content=\"https:\/\/www.facebook.com\/tiosimonfoods\/\" \/>\n<meta property=\"article:modified_time\" content=\"2025-03-25T19:31:33+00:00\" \/>\n<meta property=\"og:image\" content=\"https:\/\/screen.com.ve\/clientes\/tiosol\/wp-content\/uploads\/2024\/02\/Combo-5-1.jpg\" \/>\n\t<meta property=\"og:image:width\" content=\"1000\" \/>\n\t<meta property=\"og:image:height\" content=\"1000\" \/>\n\t<meta property=\"og:image:type\" content=\"image\/jpeg\" \/>\n<meta name=\"twitter:card\" content=\"summary_large_image\" \/>\n<meta name=\"twitter:label1\" content=\"Tiempo de lectura\" \/>\n\t<meta name=\"twitter:data1\" content=\"1 minuto\" \/>\n<script type=\"application\/ld+json\" class=\"yoast-schema-graph\">{\"@context\":\"https:\/\/schema.org\",\"@graph\":[{\"@type\":\"WebPage\",\"@id\":\"https:\/\/screen.com.ve\/clientes\/tiosol\/product\/combo-5-sabores-venezolanos-para-festejar\/\",\"url\":\"https:\/\/screen.com.ve\/clientes\/tiosol\/product\/combo-5-sabores-venezolanos-para-festejar\/\",\"name\":\"Combo 5 | T\u00edo Sol Bites\",\"isPartOf\":{\"@id\":\"https:\/\/screen.com.ve\/clientes\/tiosol\/#website\"},\"datePublished\":\"2024-02-02T12:51:51+00:00\",\"dateModified\":\"2025-03-25T19:31:33+00:00\",\"description\":\"Este combo es perfecto para una fiesta o una reuni\u00f3n con amigos y familiares. Incluye una variedad de productos tradicionales venezolanos que son deliciosos y f\u00e1ciles de compartir. Teque\u00f1os T\u00edo Sim\u00f3n (100 unidades), Mini empanadas de carne (25 unidades), Pastelitos de pollo (25 unidades).\",\"breadcrumb\":{\"@id\":\"https:\/\/screen.com.ve\/clientes\/tiosol\/product\/combo-5-sabores-venezolanos-para-festejar\/#breadcrumb\"},\"inLanguage\":\"es\",\"potentialAction\":[{\"@type\":\"ReadAction\",\"target\":[\"https:\/\/screen.com.ve\/clientes\/tiosol\/product\/combo-5-sabores-venezolanos-para-festejar\/\"]}]},{\"@type\":\"BreadcrumbList\",\"@id\":\"https:\/\/screen.com.ve\/clientes\/tiosol\/product\/combo-5-sabores-venezolanos-para-festejar\/#breadcrumb\",\"itemListElement\":[{\"@type\":\"ListItem\",\"position\":1,\"name\":\"Portada\",\"item\":\"https:\/\/screen.com.ve\/clientes\/tiosol\/\"},{\"@type\":\"ListItem\",\"position\":2,\"name\":\"Combo 5\"}]},{\"@type\":\"WebSite\",\"@id\":\"https:\/\/screen.com.ve\/clientes\/tiosol\/#website\",\"url\":\"https:\/\/screen.com.ve\/clientes\/tiosol\/\",\"name\":\"T\u00edo Sol Bites\",\"description\":\"\",\"publisher\":{\"@id\":\"https:\/\/screen.com.ve\/clientes\/tiosol\/#organization\"},\"potentialAction\":[{\"@type\":\"SearchAction\",\"target\":{\"@type\":\"EntryPoint\",\"urlTemplate\":\"https:\/\/screen.com.ve\/clientes\/tiosol\/?s={search_term_string}\"},\"query-input\":\"required name=search_term_string\"}],\"inLanguage\":\"es\"},{\"@type\":\"Organization\",\"@id\":\"https:\/\/screen.com.ve\/clientes\/tiosol\/#organization\",\"name\":\"Tio Simon Foods\",\"url\":\"https:\/\/screen.com.ve\/clientes\/tiosol\/\",\"logo\":{\"@type\":\"ImageObject\",\"inLanguage\":\"es\",\"@id\":\"https:\/\/screen.com.ve\/clientes\/tiosol\/#\/schema\/logo\/image\/\",\"url\":\"https:\/\/www.tiosimonfoods.com\/wp-content\/uploads\/2022\/12\/Logo-Tio-Simon.png\",\"contentUrl\":\"https:\/\/www.tiosimonfoods.com\/wp-content\/uploads\/2022\/12\/Logo-Tio-Simon.png\",\"width\":185,\"height\":150,\"caption\":\"Tio Simon Foods\"},\"image\":{\"@id\":\"https:\/\/screen.com.ve\/clientes\/tiosol\/#\/schema\/logo\/image\/\"},\"sameAs\":[\"https:\/\/www.facebook.com\/tiosimonfoods\/\",\"https:\/\/www.instagram.com\/stories\/tiosimonfoods\/\"]}]}<\/script>\n<!-- \/ Yoast SEO plugin. -->","yoast_head_json":{"title":"Combo 5 | T\u00edo Sol Bites","description":"Este combo es perfecto para una fiesta o una reuni\u00f3n con amigos y familiares. Incluye una variedad de productos tradicionales venezolanos que son deliciosos y f\u00e1ciles de compartir. Teque\u00f1os T\u00edo Sim\u00f3n (100 unidades), Mini empanadas de carne (25 unidades), Pastelitos de pollo (25 unidades).","robots":{"index":"index","follow":"follow","max-snippet":"max-snippet:-1","max-image-preview":"max-image-preview:large","max-video-preview":"max-video-preview:-1"},"canonical":"https:\/\/screen.com.ve\/clientes\/tiosol\/product\/combo-5-sabores-venezolanos-para-festejar\/","og_locale":"es_ES","og_type":"article","og_title":"Combo 5 | T\u00edo Sol Bites","og_description":"Este combo es perfecto para una fiesta o una reuni\u00f3n con amigos y familiares. Incluye una variedad de productos tradicionales venezolanos que son deliciosos y f\u00e1ciles de compartir. Teque\u00f1os T\u00edo Sim\u00f3n (100 unidades), Mini empanadas de carne (25 unidades), Pastelitos de pollo (25 unidades).","og_url":"https:\/\/screen.com.ve\/clientes\/tiosol\/product\/combo-5-sabores-venezolanos-para-festejar\/","og_site_name":"T\u00edo Sol Bites","article_publisher":"https:\/\/www.facebook.com\/tiosimonfoods\/","article_modified_time":"2025-03-25T19:31:33+00:00","og_image":[{"width":1000,"height":1000,"url":"https:\/\/screen.com.ve\/clientes\/tiosol\/wp-content\/uploads\/2024\/02\/Combo-5-1.jpg","type":"image\/jpeg"}],"twitter_card":"summary_large_image","twitter_misc":{"Tiempo de lectura":"1 minuto"},"schema":{"@context":"https:\/\/schema.org","@graph":[{"@type":"WebPage","@id":"https:\/\/screen.com.ve\/clientes\/tiosol\/product\/combo-5-sabores-venezolanos-para-festejar\/","url":"https:\/\/screen.com.ve\/clientes\/tiosol\/product\/combo-5-sabores-venezolanos-para-festejar\/","name":"Combo 5 | T\u00edo Sol Bites","isPartOf":{"@id":"https:\/\/screen.com.ve\/clientes\/tiosol\/#website"},"datePublished":"2024-02-02T12:51:51+00:00","dateModified":"2025-03-25T19:31:33+00:00","description":"Este combo es perfecto para una fiesta o una reuni\u00f3n con amigos y familiares. Incluye una variedad de productos tradicionales venezolanos que son deliciosos y f\u00e1ciles de compartir. Teque\u00f1os T\u00edo Sim\u00f3n (100 unidades), Mini empanadas de carne (25 unidades), Pastelitos de pollo (25 unidades).","breadcrumb":{"@id":"https:\/\/screen.com.ve\/clientes\/tiosol\/product\/combo-5-sabores-venezolanos-para-festejar\/#breadcrumb"},"inLanguage":"es","potentialAction":[{"@type":"ReadAction","target":["https:\/\/screen.com.ve\/clientes\/tiosol\/product\/combo-5-sabores-venezolanos-para-festejar\/"]}]},{"@type":"BreadcrumbList","@id":"https:\/\/screen.com.ve\/clientes\/tiosol\/product\/combo-5-sabores-venezolanos-para-festejar\/#breadcrumb","itemListElement":[{"@type":"ListItem","position":1,"name":"Portada","item":"https:\/\/screen.com.ve\/clientes\/tiosol\/"},{"@type":"ListItem","position":2,"name":"Combo 5"}]},{"@type":"WebSite","@id":"https:\/\/screen.com.ve\/clientes\/tiosol\/#website","url":"https:\/\/screen.com.ve\/clientes\/tiosol\/","name":"T\u00edo Sol Bites","description":"","publisher":{"@id":"https:\/\/screen.com.ve\/clientes\/tiosol\/#organization"},"potentialAction":[{"@type":"SearchAction","target":{"@type":"EntryPoint","urlTemplate":"https:\/\/screen.com.ve\/clientes\/tiosol\/?s={search_term_string}"},"query-input":"required name=search_term_string"}],"inLanguage":"es"},{"@type":"Organization","@id":"https:\/\/screen.com.ve\/clientes\/tiosol\/#organization","name":"Tio Simon Foods","url":"https:\/\/screen.com.ve\/clientes\/tiosol\/","logo":{"@type":"ImageObject","inLanguage":"es","@id":"https:\/\/screen.com.ve\/clientes\/tiosol\/#\/schema\/logo\/image\/","url":"https:\/\/www.tiosimonfoods.com\/wp-content\/uploads\/2022\/12\/Logo-Tio-Simon.png","contentUrl":"https:\/\/www.tiosimonfoods.com\/wp-content\/uploads\/2022\/12\/Logo-Tio-Simon.png","width":185,"height":150,"caption":"Tio Simon Foods"},"image":{"@id":"https:\/\/screen.com.ve\/clientes\/tiosol\/#\/schema\/logo\/image\/"},"sameAs":["https:\/\/www.facebook.com\/tiosimonfoods\/","https:\/\/www.instagram.com\/stories\/tiosimonfoods\/"]}]}},"jetpack_sharing_enabled":true,"_links":{"self":[{"href":"https:\/\/screen.com.ve\/clientes\/tiosol\/wp-json\/wp\/v2\/product\/4924","targetHints":{"allow":["GET"]}}],"collection":[{"href":"https:\/\/screen.com.ve\/clientes\/tiosol\/wp-json\/wp\/v2\/product"}],"about":[{"href":"https:\/\/screen.com.ve\/clientes\/tiosol\/wp-json\/wp\/v2\/types\/product"}],"replies":[{"embeddable":true,"href":"https:\/\/screen.com.ve\/clientes\/tiosol\/wp-json\/wp\/v2\/comments?post=4924"}],"wp:featuredmedia":[{"embeddable":true,"href":"https:\/\/screen.com.ve\/clientes\/tiosol\/wp-json\/wp\/v2\/media\/5577"}],"wp:attachment":[{"href":"https:\/\/screen.com.ve\/clientes\/tiosol\/wp-json\/wp\/v2\/media?parent=4924"}],"wp:term":[{"taxonomy":"product_brand","embeddable":true,"href":"https:\/\/screen.com.ve\/clientes\/tiosol\/wp-json\/wp\/v2\/product_brand?post=4924"},{"taxonomy":"product_cat","embeddable":true,"href":"https:\/\/screen.com.ve\/clientes\/tiosol\/wp-json\/wp\/v2\/product_cat?post=4924"},{"taxonomy":"product_tag","embeddable":true,"href":"https:\/\/screen.com.ve\/clientes\/tiosol\/wp-json\/wp\/v2\/product_tag?post=4924"}],"curies":[{"name":"wp","href":"https:\/\/api.w.org\/{rel}","templated":true}]}}