{"id":61,"date":"2019-07-17T20:20:16","date_gmt":"2019-07-17T20:20:16","guid":{"rendered":"http:\/\/localhost\/tiosimon\/?page_id=61"},"modified":"2025-03-12T15:01:42","modified_gmt":"2025-03-12T19:01:42","slug":"home","status":"publish","type":"page","link":"https:\/\/screen.com.ve\/clientes\/tiosol\/","title":{"rendered":"Home"},"content":{"rendered":"\r\n<h1 class=\"has-text-align-center wp-block-heading\"><br \/>Comida Latina <strong> https:\/\/www.youtube.com\/watch?v=i0fM-rN4MoQ<\/strong><\/h1>\r\n\r\n\r\n\r\n<h1 class=\"has-text-align-center\"><strong>#TEQUE\u00d1EATE m\u00e1s con T\u00edo Sol<\/strong><\/h1>\r\n<h1 class=\"has-text-align-center\">\u00a0<\/h1>\r\n","protected":false},"excerpt":{"rendered":"<p>Comida Latina https:\/\/www.youtube.com\/watch?v=i0fM-rN4MoQ #TEQUE\u00d1EATE m\u00e1s con T\u00edo Sol \u00a0<\/p>\n","protected":false},"author":1,"featured_media":5410,"parent":0,"menu_order":23,"comment_status":"closed","ping_status":"closed","template":"","meta":{"footnotes":""},"class_list":["post-61","page","type-page","status-publish","has-post-thumbnail","hentry"],"yoast_head":"<!-- This site is optimized with the Yoast SEO plugin v22.1 - https:\/\/yoast.com\/wordpress\/plugins\/seo\/ -->\n<title>Comida T\u00edpica Online | Latin America Food Online Store | T\u00edo Sol Bites<\/title>\n<meta name=\"description\" content=\"\u00bfTe provoca comida tipica venezolana? Visita nuestra venezuelan food online store. Tenemos desde cachapas, empanadas, teque\u00f1os y \u00a1m\u00e1s! Ordena en l\u00ednea ya.\" \/>\n<meta name=\"robots\" content=\"index, follow, max-snippet:-1, max-image-preview:large, max-video-preview:-1\" \/>\n<link rel=\"canonical\" href=\"https:\/\/screen.com.ve\/clientes\/tiosol\/\" \/>\n<meta property=\"og:locale\" content=\"es_ES\" \/>\n<meta property=\"og:type\" content=\"article\" \/>\n<meta property=\"og:title\" content=\"Comida T\u00edpica Online | Latin America Food Online Store | T\u00edo Sol Bites\" \/>\n<meta property=\"og:description\" content=\"\u00bfTe provoca comida tipica venezolana? Visita nuestra venezuelan food online store. Tenemos desde cachapas, empanadas, teque\u00f1os y \u00a1m\u00e1s! Ordena en l\u00ednea ya.\" \/>\n<meta property=\"og:url\" content=\"https:\/\/screen.com.ve\/clientes\/tiosol\/\" \/>\n<meta property=\"og:site_name\" content=\"T\u00edo Sol Bites\" \/>\n<meta property=\"article:publisher\" content=\"https:\/\/www.facebook.com\/tiosimonfoods\/\" \/>\n<meta property=\"article:modified_time\" content=\"2025-03-12T19:01:42+00:00\" \/>\n<meta property=\"og:image\" content=\"https:\/\/screen.com.ve\/clientes\/tiosol\/wp-content\/uploads\/2024\/12\/Desktop-Banner-Holidays-2024.png\" \/>\n\t<meta property=\"og:image:width\" content=\"1148\" \/>\n\t<meta property=\"og:image:height\" content=\"840\" \/>\n\t<meta property=\"og:image:type\" content=\"image\/png\" \/>\n<meta name=\"twitter:card\" content=\"summary_large_image\" \/>\n<meta name=\"twitter:label1\" content=\"Tiempo de lectura\" \/>\n\t<meta name=\"twitter:data1\" content=\"1 minuto\" \/>\n<script type=\"application\/ld+json\" class=\"yoast-schema-graph\">{\"@context\":\"https:\/\/schema.org\",\"@graph\":[{\"@type\":\"WebPage\",\"@id\":\"https:\/\/screen.com.ve\/clientes\/tiosol\/\",\"url\":\"https:\/\/screen.com.ve\/clientes\/tiosol\/\",\"name\":\"Comida T\u00edpica Online | Latin America Food Online Store | T\u00edo Sol Bites\",\"isPartOf\":{\"@id\":\"https:\/\/screen.com.ve\/clientes\/tiosol\/#website\"},\"datePublished\":\"2019-07-17T20:20:16+00:00\",\"dateModified\":\"2025-03-12T19:01:42+00:00\",\"description\":\"\u00bfTe provoca comida tipica venezolana? Visita nuestra venezuelan food online store. Tenemos desde cachapas, empanadas, teque\u00f1os y \u00a1m\u00e1s! Ordena en l\u00ednea ya.\",\"breadcrumb\":{\"@id\":\"https:\/\/screen.com.ve\/clientes\/tiosol\/#breadcrumb\"},\"inLanguage\":\"es\",\"potentialAction\":[{\"@type\":\"ReadAction\",\"target\":[\"https:\/\/screen.com.ve\/clientes\/tiosol\/\"]}]},{\"@type\":\"BreadcrumbList\",\"@id\":\"https:\/\/screen.com.ve\/clientes\/tiosol\/#breadcrumb\",\"itemListElement\":[{\"@type\":\"ListItem\",\"position\":1,\"name\":\"Portada\",\"item\":\"https:\/\/screen.com.ve\/clientes\/tiosol\/\"},{\"@type\":\"ListItem\",\"position\":2,\"name\":\"Home\"}]},{\"@type\":\"WebSite\",\"@id\":\"https:\/\/screen.com.ve\/clientes\/tiosol\/#website\",\"url\":\"https:\/\/screen.com.ve\/clientes\/tiosol\/\",\"name\":\"T\u00edo Sol Bites\",\"description\":\"\",\"publisher\":{\"@id\":\"https:\/\/screen.com.ve\/clientes\/tiosol\/#organization\"},\"potentialAction\":[{\"@type\":\"SearchAction\",\"target\":{\"@type\":\"EntryPoint\",\"urlTemplate\":\"https:\/\/screen.com.ve\/clientes\/tiosol\/?s={search_term_string}\"},\"query-input\":\"required name=search_term_string\"}],\"inLanguage\":\"es\"},{\"@type\":\"Organization\",\"@id\":\"https:\/\/screen.com.ve\/clientes\/tiosol\/#organization\",\"name\":\"Tio Simon Foods\",\"url\":\"https:\/\/screen.com.ve\/clientes\/tiosol\/\",\"logo\":{\"@type\":\"ImageObject\",\"inLanguage\":\"es\",\"@id\":\"https:\/\/screen.com.ve\/clientes\/tiosol\/#\/schema\/logo\/image\/\",\"url\":\"https:\/\/www.tiosimonfoods.com\/wp-content\/uploads\/2022\/12\/Logo-Tio-Simon.png\",\"contentUrl\":\"https:\/\/www.tiosimonfoods.com\/wp-content\/uploads\/2022\/12\/Logo-Tio-Simon.png\",\"width\":185,\"height\":150,\"caption\":\"Tio Simon Foods\"},\"image\":{\"@id\":\"https:\/\/screen.com.ve\/clientes\/tiosol\/#\/schema\/logo\/image\/\"},\"sameAs\":[\"https:\/\/www.facebook.com\/tiosimonfoods\/\",\"https:\/\/www.instagram.com\/stories\/tiosimonfoods\/\"]}]}<\/script>\n<!-- \/ Yoast SEO plugin. -->","yoast_head_json":{"title":"Comida T\u00edpica Online | Latin America Food Online Store | T\u00edo Sol Bites","description":"\u00bfTe provoca comida tipica venezolana? Visita nuestra venezuelan food online store. Tenemos desde cachapas, empanadas, teque\u00f1os y \u00a1m\u00e1s! Ordena en l\u00ednea ya.","robots":{"index":"index","follow":"follow","max-snippet":"max-snippet:-1","max-image-preview":"max-image-preview:large","max-video-preview":"max-video-preview:-1"},"canonical":"https:\/\/screen.com.ve\/clientes\/tiosol\/","og_locale":"es_ES","og_type":"article","og_title":"Comida T\u00edpica Online | Latin America Food Online Store | T\u00edo Sol Bites","og_description":"\u00bfTe provoca comida tipica venezolana? Visita nuestra venezuelan food online store. Tenemos desde cachapas, empanadas, teque\u00f1os y \u00a1m\u00e1s! Ordena en l\u00ednea ya.","og_url":"https:\/\/screen.com.ve\/clientes\/tiosol\/","og_site_name":"T\u00edo Sol Bites","article_publisher":"https:\/\/www.facebook.com\/tiosimonfoods\/","article_modified_time":"2025-03-12T19:01:42+00:00","og_image":[{"width":1148,"height":840,"url":"https:\/\/screen.com.ve\/clientes\/tiosol\/wp-content\/uploads\/2024\/12\/Desktop-Banner-Holidays-2024.png","type":"image\/png"}],"twitter_card":"summary_large_image","twitter_misc":{"Tiempo de lectura":"1 minuto"},"schema":{"@context":"https:\/\/schema.org","@graph":[{"@type":"WebPage","@id":"https:\/\/screen.com.ve\/clientes\/tiosol\/","url":"https:\/\/screen.com.ve\/clientes\/tiosol\/","name":"Comida T\u00edpica Online | Latin America Food Online Store | T\u00edo Sol Bites","isPartOf":{"@id":"https:\/\/screen.com.ve\/clientes\/tiosol\/#website"},"datePublished":"2019-07-17T20:20:16+00:00","dateModified":"2025-03-12T19:01:42+00:00","description":"\u00bfTe provoca comida tipica venezolana? Visita nuestra venezuelan food online store. Tenemos desde cachapas, empanadas, teque\u00f1os y \u00a1m\u00e1s! Ordena en l\u00ednea ya.","breadcrumb":{"@id":"https:\/\/screen.com.ve\/clientes\/tiosol\/#breadcrumb"},"inLanguage":"es","potentialAction":[{"@type":"ReadAction","target":["https:\/\/screen.com.ve\/clientes\/tiosol\/"]}]},{"@type":"BreadcrumbList","@id":"https:\/\/screen.com.ve\/clientes\/tiosol\/#breadcrumb","itemListElement":[{"@type":"ListItem","position":1,"name":"Portada","item":"https:\/\/screen.com.ve\/clientes\/tiosol\/"},{"@type":"ListItem","position":2,"name":"Home"}]},{"@type":"WebSite","@id":"https:\/\/screen.com.ve\/clientes\/tiosol\/#website","url":"https:\/\/screen.com.ve\/clientes\/tiosol\/","name":"T\u00edo Sol Bites","description":"","publisher":{"@id":"https:\/\/screen.com.ve\/clientes\/tiosol\/#organization"},"potentialAction":[{"@type":"SearchAction","target":{"@type":"EntryPoint","urlTemplate":"https:\/\/screen.com.ve\/clientes\/tiosol\/?s={search_term_string}"},"query-input":"required name=search_term_string"}],"inLanguage":"es"},{"@type":"Organization","@id":"https:\/\/screen.com.ve\/clientes\/tiosol\/#organization","name":"Tio Simon Foods","url":"https:\/\/screen.com.ve\/clientes\/tiosol\/","logo":{"@type":"ImageObject","inLanguage":"es","@id":"https:\/\/screen.com.ve\/clientes\/tiosol\/#\/schema\/logo\/image\/","url":"https:\/\/www.tiosimonfoods.com\/wp-content\/uploads\/2022\/12\/Logo-Tio-Simon.png","contentUrl":"https:\/\/www.tiosimonfoods.com\/wp-content\/uploads\/2022\/12\/Logo-Tio-Simon.png","width":185,"height":150,"caption":"Tio Simon Foods"},"image":{"@id":"https:\/\/screen.com.ve\/clientes\/tiosol\/#\/schema\/logo\/image\/"},"sameAs":["https:\/\/www.facebook.com\/tiosimonfoods\/","https:\/\/www.instagram.com\/stories\/tiosimonfoods\/"]}]}},"jetpack_sharing_enabled":true,"_links":{"self":[{"href":"https:\/\/screen.com.ve\/clientes\/tiosol\/wp-json\/wp\/v2\/pages\/61","targetHints":{"allow":["GET"]}}],"collection":[{"href":"https:\/\/screen.com.ve\/clientes\/tiosol\/wp-json\/wp\/v2\/pages"}],"about":[{"href":"https:\/\/screen.com.ve\/clientes\/tiosol\/wp-json\/wp\/v2\/types\/page"}],"author":[{"embeddable":true,"href":"https:\/\/screen.com.ve\/clientes\/tiosol\/wp-json\/wp\/v2\/users\/1"}],"replies":[{"embeddable":true,"href":"https:\/\/screen.com.ve\/clientes\/tiosol\/wp-json\/wp\/v2\/comments?post=61"}],"version-history":[{"count":26,"href":"https:\/\/screen.com.ve\/clientes\/tiosol\/wp-json\/wp\/v2\/pages\/61\/revisions"}],"predecessor-version":[{"id":5550,"href":"https:\/\/screen.com.ve\/clientes\/tiosol\/wp-json\/wp\/v2\/pages\/61\/revisions\/5550"}],"wp:featuredmedia":[{"embeddable":true,"href":"https:\/\/screen.com.ve\/clientes\/tiosol\/wp-json\/wp\/v2\/media\/5410"}],"wp:attachment":[{"href":"https:\/\/screen.com.ve\/clientes\/tiosol\/wp-json\/wp\/v2\/media?parent=61"}],"curies":[{"name":"wp","href":"https:\/\/api.w.org\/{rel}","templated":true}]}}