{"id":500,"date":"2019-08-15T14:28:07","date_gmt":"2019-08-15T14:28:07","guid":{"rendered":"http:\/\/screen.com.ve\/clientes\/TioSimonProject\/?page_id=500"},"modified":"2025-03-11T11:55:23","modified_gmt":"2025-03-11T15:55:23","slug":"acerca-de-tio-sol","status":"publish","type":"page","link":"https:\/\/screen.com.ve\/clientes\/tiosol\/acerca-de-tio-sol\/","title":{"rendered":"Acerca de Tio Sol"},"content":{"rendered":"<div class=\"wp-block-image\">\n<figure class=\"aligncenter\"><img loading=\"lazy\" decoding=\"async\" width=\"800\" height=\"385\" src=\"https:\/\/tiosimonfoods.com\/wp-content\/uploads\/2019\/08\/IMG-Who-we-are-min.png\" alt=\"\" class=\"wp-image-504\" srcset=\"https:\/\/screen.com.ve\/clientes\/tiosol\/wp-content\/uploads\/2019\/08\/IMG-Who-we-are-min.png 800w, https:\/\/screen.com.ve\/clientes\/tiosol\/wp-content\/uploads\/2019\/08\/IMG-Who-we-are-min-300x144.png 300w, https:\/\/screen.com.ve\/clientes\/tiosol\/wp-content\/uploads\/2019\/08\/IMG-Who-we-are-min-768x370.png 768w, https:\/\/screen.com.ve\/clientes\/tiosol\/wp-content\/uploads\/2019\/08\/IMG-Who-we-are-min-600x289.png 600w\" sizes=\"auto, (max-width: 800px) 100vw, 800px\" \/><\/figure><\/div>\n\n\n<h2 class=\"wp-block-heading has-text-align-center\">Qui\u00e9nes somos<\/h2>\n\n\n\n<p><strong>T\u00cdO SOL<\/strong>, es una\u00a0l\u00ednea\u00a0de productos latinos fabricada y distribuida exclusivamente por\u00a0<strong>MIAMI FINE FOODS LLC<\/strong>, se especializa en todos esos antojos\u00a0caracter\u00edsticos\u00a0de cada\u00a0pa\u00eds\u00a0latino, tales como las t\u00edpicas cachapas Venezolanas, teque\u00f1os, empanadas, cachitos, y una linea completa de quesos Venezolanos, como el queso telita, queso de mano, queso guayan\u00e9s, queso duro, queso semi-duro y nata criolla.<\/p>\n\n\n<div class=\"wp-block-image\">\n<figure class=\"alignright size-full is-resized\"><img loading=\"lazy\" decoding=\"async\" width=\"800\" height=\"636\" src=\"https:\/\/screen.com.ve\/clientes\/tiosol\/wp-content\/uploads\/2019\/08\/IMG-Who-we-are-2-min.jpg\" alt=\"\" class=\"wp-image-503\" style=\"width:440px;height:auto\" srcset=\"https:\/\/screen.com.ve\/clientes\/tiosol\/wp-content\/uploads\/2019\/08\/IMG-Who-we-are-2-min.jpg 800w, https:\/\/screen.com.ve\/clientes\/tiosol\/wp-content\/uploads\/2019\/08\/IMG-Who-we-are-2-min-300x239.jpg 300w, https:\/\/screen.com.ve\/clientes\/tiosol\/wp-content\/uploads\/2019\/08\/IMG-Who-we-are-2-min-768x611.jpg 768w, https:\/\/screen.com.ve\/clientes\/tiosol\/wp-content\/uploads\/2019\/08\/IMG-Who-we-are-2-min-600x477.jpg 600w\" sizes=\"auto, (max-width: 800px) 100vw, 800px\" \/><\/figure><\/div>\n\n\n<p><\/p>\n\n\n\n<p>En T\u00edo Sol Bites nos basamos\u00a0en calidad, imagen y servicio, nuestros productos son\u00a0supervisados\u00a0siempre a la hora de su\u00a0elaboraci\u00f3n, para que su calidad sea la\u00a0m\u00e1s\u00a0\u00f3ptima\u00a0del mercado y del agrado total de nuestros consumidores.<\/p>\n\n\n\n<p>Gracias al gran esfuerzo y apoyo de nuestros clientes hoy podemos ofrecer nuestros productos latinos T\u00edo Sol Bites, en diferentes puntos de venta en\u00a0todo Estados Unidos\u00a0y en nuestra tienda online, con opciones de comprar al por mayor y\u00a0al detal.<\/p>\n\n\n\n<p class=\"has-text-align-left\"><strong>Si est\u00e1s interesado en distribuir nuestros productos, por favor visita nuestra p\u00e1gina de <a href=\"https:\/\/tiosimonfoods.com\/compras-al-mayor\/\">venta al por mayor<\/a> y ponte en contacto con nosotros.<\/strong><\/p>\n","protected":false},"excerpt":{"rendered":"<p>Qui\u00e9nes somos T\u00cdO SOL, es una\u00a0l\u00ednea\u00a0de productos latinos fabricada y distribuida exclusivamente&#8230;<\/p>\n","protected":false},"author":1,"featured_media":502,"parent":0,"menu_order":16,"comment_status":"closed","ping_status":"closed","template":"template-about.php","meta":{"footnotes":""},"class_list":["post-500","page","type-page","status-publish","has-post-thumbnail","hentry"],"yoast_head":"<!-- This site is optimized with the Yoast SEO plugin v22.1 - https:\/\/yoast.com\/wordpress\/plugins\/seo\/ -->\n<title>Acerca de Tio Sol | T\u00edo Sol Bites<\/title>\n<meta name=\"robots\" content=\"index, follow, max-snippet:-1, max-image-preview:large, max-video-preview:-1\" \/>\n<link rel=\"canonical\" href=\"https:\/\/screen.com.ve\/clientes\/tiosol\/acerca-de-tio-sol\/\" \/>\n<meta property=\"og:locale\" content=\"es_ES\" \/>\n<meta property=\"og:type\" content=\"article\" \/>\n<meta property=\"og:title\" content=\"Acerca de Tio Sol | T\u00edo Sol Bites\" \/>\n<meta property=\"og:description\" content=\"Qui\u00e9nes somos T\u00cdO SOL, es una\u00a0l\u00ednea\u00a0de productos latinos fabricada y distribuida exclusivamente...\" \/>\n<meta property=\"og:url\" content=\"https:\/\/screen.com.ve\/clientes\/tiosol\/acerca-de-tio-sol\/\" \/>\n<meta property=\"og:site_name\" content=\"T\u00edo Sol Bites\" \/>\n<meta property=\"article:publisher\" content=\"https:\/\/www.facebook.com\/tiosimonfoods\/\" \/>\n<meta property=\"article:modified_time\" content=\"2025-03-11T15:55:23+00:00\" \/>\n<meta property=\"og:image\" content=\"https:\/\/screen.com.ve\/clientes\/tiosol\/wp-content\/uploads\/2019\/08\/IMG-Banner-About-Tio-Simon-min.jpg\" \/>\n\t<meta property=\"og:image:width\" content=\"1860\" \/>\n\t<meta property=\"og:image:height\" content=\"560\" \/>\n\t<meta property=\"og:image:type\" content=\"image\/jpeg\" \/>\n<meta name=\"twitter:card\" content=\"summary_large_image\" \/>\n<meta name=\"twitter:label1\" content=\"Tiempo de lectura\" \/>\n\t<meta name=\"twitter:data1\" content=\"2 minutos\" \/>\n<script type=\"application\/ld+json\" class=\"yoast-schema-graph\">{\"@context\":\"https:\/\/schema.org\",\"@graph\":[{\"@type\":\"WebPage\",\"@id\":\"https:\/\/screen.com.ve\/clientes\/tiosol\/acerca-de-tio-sol\/\",\"url\":\"https:\/\/screen.com.ve\/clientes\/tiosol\/acerca-de-tio-sol\/\",\"name\":\"Acerca de Tio Sol | T\u00edo Sol Bites\",\"isPartOf\":{\"@id\":\"https:\/\/screen.com.ve\/clientes\/tiosol\/#website\"},\"datePublished\":\"2019-08-15T14:28:07+00:00\",\"dateModified\":\"2025-03-11T15:55:23+00:00\",\"breadcrumb\":{\"@id\":\"https:\/\/screen.com.ve\/clientes\/tiosol\/acerca-de-tio-sol\/#breadcrumb\"},\"inLanguage\":\"es\",\"potentialAction\":[{\"@type\":\"ReadAction\",\"target\":[\"https:\/\/screen.com.ve\/clientes\/tiosol\/acerca-de-tio-sol\/\"]}]},{\"@type\":\"BreadcrumbList\",\"@id\":\"https:\/\/screen.com.ve\/clientes\/tiosol\/acerca-de-tio-sol\/#breadcrumb\",\"itemListElement\":[{\"@type\":\"ListItem\",\"position\":1,\"name\":\"Portada\",\"item\":\"https:\/\/screen.com.ve\/clientes\/tiosol\/\"},{\"@type\":\"ListItem\",\"position\":2,\"name\":\"Acerca de Tio Sol\"}]},{\"@type\":\"WebSite\",\"@id\":\"https:\/\/screen.com.ve\/clientes\/tiosol\/#website\",\"url\":\"https:\/\/screen.com.ve\/clientes\/tiosol\/\",\"name\":\"T\u00edo Sol Bites\",\"description\":\"\",\"publisher\":{\"@id\":\"https:\/\/screen.com.ve\/clientes\/tiosol\/#organization\"},\"potentialAction\":[{\"@type\":\"SearchAction\",\"target\":{\"@type\":\"EntryPoint\",\"urlTemplate\":\"https:\/\/screen.com.ve\/clientes\/tiosol\/?s={search_term_string}\"},\"query-input\":\"required name=search_term_string\"}],\"inLanguage\":\"es\"},{\"@type\":\"Organization\",\"@id\":\"https:\/\/screen.com.ve\/clientes\/tiosol\/#organization\",\"name\":\"Tio Simon Foods\",\"url\":\"https:\/\/screen.com.ve\/clientes\/tiosol\/\",\"logo\":{\"@type\":\"ImageObject\",\"inLanguage\":\"es\",\"@id\":\"https:\/\/screen.com.ve\/clientes\/tiosol\/#\/schema\/logo\/image\/\",\"url\":\"https:\/\/www.tiosimonfoods.com\/wp-content\/uploads\/2022\/12\/Logo-Tio-Simon.png\",\"contentUrl\":\"https:\/\/www.tiosimonfoods.com\/wp-content\/uploads\/2022\/12\/Logo-Tio-Simon.png\",\"width\":185,\"height\":150,\"caption\":\"Tio Simon Foods\"},\"image\":{\"@id\":\"https:\/\/screen.com.ve\/clientes\/tiosol\/#\/schema\/logo\/image\/\"},\"sameAs\":[\"https:\/\/www.facebook.com\/tiosimonfoods\/\",\"https:\/\/www.instagram.com\/stories\/tiosimonfoods\/\"]}]}<\/script>\n<!-- \/ Yoast SEO plugin. -->","yoast_head_json":{"title":"Acerca de Tio Sol | T\u00edo Sol Bites","robots":{"index":"index","follow":"follow","max-snippet":"max-snippet:-1","max-image-preview":"max-image-preview:large","max-video-preview":"max-video-preview:-1"},"canonical":"https:\/\/screen.com.ve\/clientes\/tiosol\/acerca-de-tio-sol\/","og_locale":"es_ES","og_type":"article","og_title":"Acerca de Tio Sol | T\u00edo Sol Bites","og_description":"Qui\u00e9nes somos T\u00cdO SOL, es una\u00a0l\u00ednea\u00a0de productos latinos fabricada y distribuida exclusivamente...","og_url":"https:\/\/screen.com.ve\/clientes\/tiosol\/acerca-de-tio-sol\/","og_site_name":"T\u00edo Sol Bites","article_publisher":"https:\/\/www.facebook.com\/tiosimonfoods\/","article_modified_time":"2025-03-11T15:55:23+00:00","og_image":[{"width":1860,"height":560,"url":"https:\/\/screen.com.ve\/clientes\/tiosol\/wp-content\/uploads\/2019\/08\/IMG-Banner-About-Tio-Simon-min.jpg","type":"image\/jpeg"}],"twitter_card":"summary_large_image","twitter_misc":{"Tiempo de lectura":"2 minutos"},"schema":{"@context":"https:\/\/schema.org","@graph":[{"@type":"WebPage","@id":"https:\/\/screen.com.ve\/clientes\/tiosol\/acerca-de-tio-sol\/","url":"https:\/\/screen.com.ve\/clientes\/tiosol\/acerca-de-tio-sol\/","name":"Acerca de Tio Sol | T\u00edo Sol Bites","isPartOf":{"@id":"https:\/\/screen.com.ve\/clientes\/tiosol\/#website"},"datePublished":"2019-08-15T14:28:07+00:00","dateModified":"2025-03-11T15:55:23+00:00","breadcrumb":{"@id":"https:\/\/screen.com.ve\/clientes\/tiosol\/acerca-de-tio-sol\/#breadcrumb"},"inLanguage":"es","potentialAction":[{"@type":"ReadAction","target":["https:\/\/screen.com.ve\/clientes\/tiosol\/acerca-de-tio-sol\/"]}]},{"@type":"BreadcrumbList","@id":"https:\/\/screen.com.ve\/clientes\/tiosol\/acerca-de-tio-sol\/#breadcrumb","itemListElement":[{"@type":"ListItem","position":1,"name":"Portada","item":"https:\/\/screen.com.ve\/clientes\/tiosol\/"},{"@type":"ListItem","position":2,"name":"Acerca de Tio Sol"}]},{"@type":"WebSite","@id":"https:\/\/screen.com.ve\/clientes\/tiosol\/#website","url":"https:\/\/screen.com.ve\/clientes\/tiosol\/","name":"T\u00edo Sol Bites","description":"","publisher":{"@id":"https:\/\/screen.com.ve\/clientes\/tiosol\/#organization"},"potentialAction":[{"@type":"SearchAction","target":{"@type":"EntryPoint","urlTemplate":"https:\/\/screen.com.ve\/clientes\/tiosol\/?s={search_term_string}"},"query-input":"required name=search_term_string"}],"inLanguage":"es"},{"@type":"Organization","@id":"https:\/\/screen.com.ve\/clientes\/tiosol\/#organization","name":"Tio Simon Foods","url":"https:\/\/screen.com.ve\/clientes\/tiosol\/","logo":{"@type":"ImageObject","inLanguage":"es","@id":"https:\/\/screen.com.ve\/clientes\/tiosol\/#\/schema\/logo\/image\/","url":"https:\/\/www.tiosimonfoods.com\/wp-content\/uploads\/2022\/12\/Logo-Tio-Simon.png","contentUrl":"https:\/\/www.tiosimonfoods.com\/wp-content\/uploads\/2022\/12\/Logo-Tio-Simon.png","width":185,"height":150,"caption":"Tio Simon Foods"},"image":{"@id":"https:\/\/screen.com.ve\/clientes\/tiosol\/#\/schema\/logo\/image\/"},"sameAs":["https:\/\/www.facebook.com\/tiosimonfoods\/","https:\/\/www.instagram.com\/stories\/tiosimonfoods\/"]}]}},"jetpack_sharing_enabled":true,"_links":{"self":[{"href":"https:\/\/screen.com.ve\/clientes\/tiosol\/wp-json\/wp\/v2\/pages\/500","targetHints":{"allow":["GET"]}}],"collection":[{"href":"https:\/\/screen.com.ve\/clientes\/tiosol\/wp-json\/wp\/v2\/pages"}],"about":[{"href":"https:\/\/screen.com.ve\/clientes\/tiosol\/wp-json\/wp\/v2\/types\/page"}],"author":[{"embeddable":true,"href":"https:\/\/screen.com.ve\/clientes\/tiosol\/wp-json\/wp\/v2\/users\/1"}],"replies":[{"embeddable":true,"href":"https:\/\/screen.com.ve\/clientes\/tiosol\/wp-json\/wp\/v2\/comments?post=500"}],"version-history":[{"count":27,"href":"https:\/\/screen.com.ve\/clientes\/tiosol\/wp-json\/wp\/v2\/pages\/500\/revisions"}],"predecessor-version":[{"id":5575,"href":"https:\/\/screen.com.ve\/clientes\/tiosol\/wp-json\/wp\/v2\/pages\/500\/revisions\/5575"}],"wp:featuredmedia":[{"embeddable":true,"href":"https:\/\/screen.com.ve\/clientes\/tiosol\/wp-json\/wp\/v2\/media\/502"}],"wp:attachment":[{"href":"https:\/\/screen.com.ve\/clientes\/tiosol\/wp-json\/wp\/v2\/media?parent=500"}],"curies":[{"name":"wp","href":"https:\/\/api.w.org\/{rel}","templated":true}]}}